{"id":1323,"date":"2023-01-17T20:36:47","date_gmt":"2023-01-17T19:36:47","guid":{"rendered":"https:\/\/kwartludium.com\/?page_id=1323"},"modified":"2025-04-20T13:37:36","modified_gmt":"2025-04-20T11:37:36","slug":"2020-3","status":"publish","type":"page","link":"https:\/\/kwartludium.com\/?page_id=1323","title":{"rendered":"Archiwum"},"content":{"rendered":"\n<p><strong>20.09.2023 \u2013 Uroczysto\u015b\u0107 przyznania nagr\u00f3d Zwi\u0105zku Kompozytor\u00f3w Polskich<br><\/strong><strong>Warszawa<\/strong><\/p>\n\n\n\n<p><strong>28.06.2023 \u2013&nbsp;Daegu International Contemporary Music Festival<br><\/strong>Magdalena Gorwa,&nbsp;Marsel Nichan,&nbsp;Panayiotis Kokoras, Tadeusz Wielecki, Kim Eun Sung,<br>Kim Sung Ah, Ha Jong Tae<\/p>\n\n\n\n<p><strong>26.06.2023 \u2013 Ilshin Hall, Seul<\/strong><br>Anna Ignatowicz-Gli\u0144ska, Martyna Kosecka, Witold Lutos\u0142awski, Bogus\u0142aw Schaeffer, Tadeusz Wielecki<\/p>\n\n\n\n<p><strong>25.03.2023 \u2013 Kulturskolan, Nyn\u00e4shamn<br><\/strong>Promocja najnowszej p\u0142yty z muzyk\u0105 Marsela Nichana<\/p>\n\n\n\n<p><strong>24.03.2023 \u2013&nbsp;<\/strong><strong><a href=\"https:\/\/instytutpolski.pl\/stockholm\/2023\/02\/23\/kwartludium-releasekonsert-for-nytt-album1\/\"><strong>Szwedzkie Radio, Studio 2<\/strong><\/a><\/strong><strong>, Sztokholm<br><\/strong>Promocja najnowszej p\u0142yty z muzyk\u0105 Marsela Nichana<br>Magdalena Gorwa \u2013 to be\/not to be<\/p>\n\n\n\n<p><strong>23.03.2023 \u2013&nbsp;<\/strong><strong><a href=\"https:\/\/www.svenskmusikvar.se\/konsert\/kwartludium-10-ar\"><strong>Svensk Musikv\u00e5r<\/strong><\/a><\/strong><strong>, Sztokholm<br><\/strong>Martyna Kosecka, Marsel Nichan, Henrik Denerin<\/p>\n\n\n\n<p><strong>20.11.2022 \u2013 Filharmonia \u015awi\u0119tokrzyska, Kielce<br>30. \u015awi\u0119tokrzyskie Dni Muzyki<br><\/strong>Koncert edukacyjny pt.&nbsp;<em>\u201e<\/em><em>Cicho, g\u0142o\u015bno, najg\u0142o\u015bniej czyli o rozmowach instrument\u00f3w\u2026\u201d<\/em><\/p>\n\n\n\n<p><strong>29.10.2022 \u2013 NeoArte. Syntezator Sztuki, Gda\u0144sk<br><\/strong>Peter Machajdik \u2013 Krypta (\u015bwiatowe prawykonanie)<br>Marsel Nichan \u2013 Fractals (\u015bwiatowe prawykonanie)<\/p>\n\n\n\n<p><strong>22.09.2022 \u2013&nbsp;<\/strong><strong><a href=\"https:\/\/warszawska-jesien.art.pl\/2022\/program\/program\/22-09\/kwartludium-nfm-orkiestra\"><strong>Warszawska Jesie\u0144<\/strong><\/a><\/strong><strong><br><\/strong>Katarina Gryvul, Henrik Denerin, Aleksander Ko\u015bci\u00f3w, Jacek Sotomski<br>Kwartludium, NFM Orkiestra Leopoldinum, Christian Danowicz<\/p>\n\n\n\n<p><strong>10.09.2022 \u2013&nbsp;<\/strong><strong><a href=\"https:\/\/sacrumprofanum.com\/program\/kolchida\"><strong>Sacrum Profanum<\/strong><\/a><\/strong><strong>, Krak\u00f3w<br>Kwartludium &amp; Jacaszek<br><\/strong><strong><a href=\"https:\/\/requiem-records.com\/index.php?lang=pl&amp;p=sklep&amp;f=&amp;c=&amp;t=&amp;st=&amp;o=&amp;pid=344&amp;page=0\"><strong>Kolchida<\/strong><\/a><\/strong><strong>&nbsp;\u2013&nbsp;<\/strong>premiera nowej p\u0142yty<\/p>\n\n\n\n<p><strong>07-08.07.2022 \u2013&nbsp;<\/strong><strong><a href=\"https:\/\/kwartludium.com\/wp-content\/uploads\/2022\/09\/Kwartludium-Jacaszek-Kolchida.jpg\"><strong>sesja nagraniowa<\/strong><\/a><\/strong><br>Kwartludium &amp; Jacaszek \u2013 nowa p\u0142yta<\/p>\n\n\n\n<p><strong>04-06.07.2022 \u2013&nbsp;<\/strong><strong><a href=\"https:\/\/kwartludium.com\/wp-content\/uploads\/2022\/09\/Kwartludium-Marsel-Nichan.jpg\"><strong>sesja nagraniowa<\/strong><\/a><\/strong><br>Marsel Nichan \u2013 muzyka solowa i kameralna<\/p>\n\n\n\n<p><strong>26.05.2022 \u2013&nbsp;<\/strong><strong><a href=\"https:\/\/www.nfm.wroclaw.pl\/component\/nfmcalendar\/event\/9025\"><strong>Musica Polonica Nova<\/strong><\/a><\/strong><strong>, Wroc\u0142aw<br><\/strong>Magdalena Gorwa, Mateusz Ryczek, Bartosz Witkowski<\/p>\n\n\n\n<p><strong>07.03.2022 \u2013 Praga<br><\/strong><strong><a href=\"https:\/\/www.berg.cz\/en\/201019.html\"><strong>MADE IN POLAND | new music from Poland<\/strong><\/a><\/strong><strong><br>Kwartludium\/Orchestr BERG\/Piotr Nowicki\/Peter Vrabel<br><\/strong>Agata Zubel, Pawe\u0142 Mykietyn, Marcin Sta\u0144czyk, Tadeusz Wielecki<\/p>\n\n\n\n<p><strong>Kwartludium w Szwecji<\/strong><br><strong>12.11.2021 \u2013 S:t Sigfrid Folk High School in V\u00e4xj\u00f6 \u2013 workshop<br>13.11.2021 \u2013&nbsp;<\/strong><strong><a href=\"https:\/\/www.musikisydchannel.se\/en\/concerts\/live-nov-13-at-1500-kwartludium\/\"><strong>Nygata6\/Concert Hall in V\u00e4xj\u00f6<\/strong><\/a><\/strong><strong><br>14.11.2021 \u2013 Haninge Culture House in Haninge\/Stockholm<br><\/strong>Tadeusz Wielecki, Piotr J\u0119drzejczyk, Bogus\u0142aw Schaeffer, Marsel Nichan, Henrik Denerin<\/p>\n\n\n\n<p><strong>22-23.10.2021 \u2013 Realtime 2021<br>Internationales Festival F\u00fcr Neue Musik in Bremen<\/strong><br>Piotr Peszat, Wojciech B\u0142a\u017cejczyk, Piotr J\u0119drzejczyk,<br>Regin Petersen<\/p>\n\n\n\n<p><strong>25.04.2021 \u2013 Festiwal Prawykona\u0144, NOSPR, Katowice<\/strong><br>Kwartludium, NOSPR, Franck Ollu<br>Joanna Wo\u017any<\/p>\n\n\n\n<p><strong>26.11.2020 \u2013&nbsp;<\/strong><strong><a href=\"https:\/\/ninateka.pl\/vod\/muzyka\/kwartludium-fina-na-ucho\/\"><strong>FINA, Wa\u0142brzyska 3\/5, Warszawa<\/strong><\/a><\/strong><strong><br><\/strong>Helmut Zapf, Lothar Voigtl\u00e4nder,&nbsp;Peter Helmut Lang,<br>Piotr J\u0119drzejczyk, Tadeusz Wielecki<\/p>\n\n\n\n<p><strong>05.11.2020 \u2013 Kopenhaga,&nbsp;<\/strong><strong><a href=\"http:\/\/klang.dk\/en\/2020\/programme\/kwartludium-ensemble\"><strong>Klang Festival<\/strong><\/a><\/strong><strong><br><\/strong>Anna Arkushyna, Piotr J\u0119drzejczyk, Giedr\u0117 Pauliukevi\u010di\u016bt\u0117, Alessandro Perini, Fredrik Gran<\/p>\n\n\n\n<p><strong>04.11.2020 \u2013&nbsp;<\/strong><strong><a href=\"http:\/\/sacrumprofanum.com\/program\/muzyka-i-sport\"><strong>Sacrum Profanum<\/strong><\/a><\/strong><strong>&nbsp;online, Krak\u00f3w<br><\/strong>Karol Nepelski, Dominik Strycharski, Jennifer Walshe<\/p>\n\n\n\n<p><strong>03.10.2020 \u2013 Lw\u00f3w,<br>Mi\u0119dzynarodowy Festiwal Muzyki Wsp\u00f3\u0142czesnej Kontrasty<br><\/strong>Marta Haladzhun, Piotr Peszat,<br>Tadeusz Wielecki, Krzysztof Wo\u0142ek<\/p>\n\n\n\n<p><strong>19.09.2020 \u2013 Kr\u00f3likarnia, Ma\u0142a Warszawska Jesie\u0144<br><\/strong><strong><a href=\"http:\/\/warszawska-jesien.art.pl\/2020\/program-i-bilety\/program\/19-09\/11-kwartludium\"><strong>Muzyczna Olimpiada \u2013 warsztaty dla dzieci<\/strong><\/a><\/strong><\/p>\n\n\n\n<p><strong>29.08.2020 \u2013 Randspiele Festival, Berlin-Zepernick<br><\/strong>Peter Helmut Lang, Piotr J\u0119drzejczyk, Helmut Zapf,<br>Tadeusz Wielecki, Lothar Voigtl\u00e4nder<\/p>\n\n\n\n<p><strong>28.08.2020 \u2013 TRAFO, Jena<br><\/strong><strong><a href=\"https:\/\/www.facebook.com\/atelierkulturundzukunft\/?__xts__%5B0%5D=68.ARBmsmPiJSe0BwgYKNsBXHPSDG8ik4HPYSib1ocIL6bYqU7mmTzM0e8_RShgYKyvKTcHDCmGyEVkfFS3fr9-679S5YC_rYGxV8HkQELpuRr-sBdv4GDlwSoOBmloAHONhKuQNw8fTYwjgd-2xjqf5lnKuAhxj1qRb8KfjNE_qkcX10qo6-bzACm8QxuzkQHKZMnT0-dtZVD0zLRs3ym6NsChK3AQt0wJudfjarDjSChjOK0PnHgxZEKe4qx2rQw66SQQnWlcK-RDoBuzF5LcPflaO1wtKv89rkkLI9ZnYc_DGzrf-Yenj4fRQTNLj7A4lw56eo1-T030TK7I8DjNbICjRa_ESwE\"><strong>Multiple Image \u2013 ein deutsch-polnischer Konzertdialog<\/strong><\/a><\/strong><strong><br><\/strong>Peter Helmut Lang, Piotr J\u0119drzejczyk, Helmut Zapf,<br>Wojciech Ziemowit Zych, Tadeusz Wielecki, Lothar Voigtl\u00e4nder<\/p>\n\n\n\n<p><strong>27.08.2020 \u2013 Nikolaikirche, Eisenach<br>Multiple Image \u2013 ein deutsch-polnischer Konzertdialog<br><\/strong>Peter Helmut Lang, Piotr J\u0119drzejczyk, Helmut Zapf,<br>Wojciech Ziemowit Zych, Tadeusz Wielecki, Lothar Voigtl\u00e4nder<\/p>\n\n\n\n<p><strong>26.08.2020 \u2013 Notenbank, Weimar<br>Multiple Image \u2013 ein deutsch-polnischer Konzertdialog<\/strong><br>Peter Helmut Lang, Piotr J\u0119drzejczyk, Helmut Zapf,<br>Wojciech Ziemowit Zych, Tadeusz Wielecki, Lothar Voigtl\u00e4nder<\/p>\n\n\n\n<p><strong>22.03.2020 \u2013&nbsp;<\/strong><strong><a href=\"https:\/\/www.svenskmusikvar.se\/konsert\/kwartludium-polen?fbclid=IwAR1q3BjPvA92GRESM3fhWDVWYLa3qKFK9cGdNAgwh4kv4vDzC5TdL0SJxhw\"><strong>Svensk musikv\u00e5r<\/strong><\/a><\/strong><strong>, Sztokholm<\/strong><br>Wojciech Ziemowit Zych, Giedr\u0117 Pauliukevi\u010di\u016bt\u0117,<br>Chihchun Chi-sun Lee, Tadeusz Wielecki, Joakim Sandgren,<br>Fredrik Gran, Ivo Nilsson<\/p>\n\n\n\n<p><strong>12.01.2020 \u2013&nbsp;<\/strong><strong><a href=\"https:\/\/www.facebook.com\/pg\/DniMuzykiNowej\/photos\/?tab=album&amp;album_id=2104737142962737&amp;__xts__%5B0%5D=68.ARAKF4FgRb77t8EtDrWaK2A6XE1yEa9mazTpxxuHBgkVJy14zLn_4qjDgdkRTa8--1LkvRoxD9IltYeYynU_8Q-A9T5RMDvhwz4tGYibh-QtPl3gjw51l9gdwYS_FO5YA1hyImdN0MuRcRkkySC6EjuumCiSX_KdqTtyditXngokcHuvlODwAUWphAi2aJ1-7fQdKqn0FIZYPdTxJajrVCxkCJZNKrM0F-ffzK1K6hbFYA-cyMmJKmvDu6sL8w3UX5T2y-EzsNnkQGTqSZG8JTmbEHhacKxoCsGczqtzsCssKlfkkuw_QWM2Yb0UgL5kKZXrORq7g0WGdUKtvPO5kItXuT1zPClaCmrQn10IxKJlktZGxdjcGbsyHlFxNR1CHT2QpPrEq6k5wf6oAy0IX70DoWg_vwzCC8_f33OnY3KzjwCHE0njxRBcofqmD_fUN968-hg7m-xLV8ED0xGSBGud4EU0RAfwoYzcoFAelyXBbfdh_QrlDikj1obPLpE8KT2yJJYZaL37_Z5LLpDHKiGPoSZwmri0yStYrhaugE0&amp;__tn__=-UCH-R\"><strong>Dni Muzyki Nowej<\/strong><\/a><\/strong><strong>, Gda\u0144sk&nbsp;<\/strong><br>Piotr Peszat, Ivo Nilsson, Krzysztof Wo\u0142ek,<br>Giedr\u0117 Pauliukevi\u010di\u016bt\u0117, Wojciech B\u0142a\u017cejczyk<\/p>\n\n\n\n<p><strong>16.12.2019 \u2013 Nowy Teatr, Warszawa<br><\/strong>Teoniki Ro\u017cynek, Jan Duszy\u0144ski, Rafa\u0142 Ryterski<\/p>\n\n\n\n<p><strong>24.11.2019 \u2013 Festiwal Nowe Fale, Gda\u0144sk<br><\/strong>Teoniki Ro\u017cynek, Jan Duszy\u0144ski, Rafa\u0142 Ryterski,<br>Mansoor Hosseini<\/p>\n\n\n\n<p><strong>20.11.2019 \u2013 Is Arti Festival, Kowno<br><\/strong>Wojciech B\u0142a\u017cejczyk, Giedr\u0117 Pauliukevi\u010di\u016bt\u0117,<br>Piotr Peszat, Tadeusz Wielecki, Krzysztof Wo\u0142ek<\/p>\n\n\n\n<p><strong>02.11.2019 \u2013 Arena Festival, Ryga<br><\/strong>Wojciech B\u0142a\u017cejczyk, Piotr Peszat, Edgars Rubenis,<br>Tadeusz Wielecki, Krzysztof Wo\u0142ek<\/p>\n\n\n\n<p><strong>08.10.2019 \u2013 Unsound Festival, Krak\u00f3w<br><\/strong>Teoniki Ro\u017cynek, Jan Duszy\u0144ski, Rafa\u0142 Ryterski<\/p>\n\n\n\n<p><strong>03.10.2019 \u2013 Randspiele Festival, Berlin-Zepernick<br><\/strong>Anna Arkushyna, Chihchun Chi-sun Lee,<br>Friedrich Goldmann, Peter Koeszeghy, Ivo Nilsson, Arne Sanders<\/p>\n\n\n\n<p><strong>01.06.2019 \u2013 Musica Viva Festival, Lizbona<\/strong><br>Miguel Azguime, Piotr Peszat, Fredrik Gran,<br>Wojciech Ziemowit Zych, Tadeusz Wielecki<\/p>\n\n\n\n<p><strong>29.05.2019 \u2013 China \u2013 ASEAN Music Week, Nanning<\/strong><br>Tadeusz Wielecki, Leszek Ku\u0142akowski, Zoltan Almashi,<br>Wojciech Zimowit Zych, Qiu Yulan<\/p>\n\n\n\n<p><strong>26-27.05.2019 \u2013 Shanghai Conservatory of Music<br><\/strong>Koncert i warsztaty ze studentami Wydzia\u0142u Kompozycji<\/p>\n\n\n\n<p><strong>24.05.2019 \u2013 Beijing Modern Music Festival<\/strong><br>Dai Bo, Bai Chao, Wojciech Ziemowit Zych,<br>Zoltan Almashi, Tadeusz Wielecki, Leszek Ku\u0142akowski<\/p>\n\n\n\n<p><strong>16.04.2019 \u2013 nagranie programu Scena klasyczna dla TVP Kultura<\/strong><\/p>\n\n\n\n<p><strong>10-15.04.2019 \u2013 Tbilisi, Kutaisi, wizyta studyjna<\/strong><\/p>\n\n\n\n<p><strong>22.09.2018 \u2013 Warsaw Autumn Festival, Warsaw Pilharmonics<\/strong><br>Wojciech B\u0142a\u017cejczyk, Krzysztof Wo\u0142ek, Fredrik Gran, Dror Feiler<\/p>\n\n\n\n<p><strong>09.11.2018 \u2013 M\u00f3zg Festival, Bydgoszcz<\/strong><br>Wojciech B\u0142a\u017cejczyk , Krzysztof Wo\u0142ek, Piotr Peszat, Bogus\u0142aw Schaeffer, Roman Haubenstock-Ramati<\/p>\n\n\n\n<p><strong>02,05.11.2018 \u2013 V. Sarajishvili Tbilisi State Conservatoire (Georgia)<\/strong><br>Workshops for students<\/p>\n\n\n\n<p><strong>05.11.2018 \u2013 V. Sarajishvili Tbilisi State Conservatoire (Georgia)<\/strong><br>Bogus\u0142aw Schaeffer, Roman Haubenstock-Ramati, Krzysztof Knittel, Jerzy Kornowicz<\/p>\n\n\n\n<p><strong>03.11.2018 \u2013 Opera Theatre, Kutaisi\/Georgia<\/strong><br>Wojciech Ziemowit Zych, S\u0142awomir Wojciechowski, Jaros\u0142aw P\u0142onka, Tadeusz Wielecki, Piotr Peszat<br><br><strong>02.11.2018 \u2013 V. Sarajishvili Tbilisi State Conservatoire (Georgia)<\/strong><br>Wojciech Ziemowit Zych, S\u0142awomir Wojciechowski, Jaros\u0142aw P\u0142onka, Tadeusz Wielecki, Piotr Peszat<\/p>\n\n\n\n<p><strong>27.10.2018 \u2013 NeoArte Festival, Gda\u0144sk<\/strong><br>Wojciech B\u0142a\u017cejczyk, Krzysztof Wo\u0142ek, Piotr Peszat<\/p>\n\n\n\n<p><strong>KWARTLUDIUM, zesp\u00f3\u0142-rezydent Wydzia\u0142u I UMFC w Warszawie w sezonie 2017\/18<\/strong><br>15.12.2017 \u2013 otwarte pr\u00f3by z udzia\u0142em zespo\u0142u<br>16.12.2017 \u2013 koncert prawykona\u0144 w wykonaniu zespo\u0142u Kwartludium<br>wybranymi utworami dyryguj\u0105 studenci dyrygentury<\/p>\n\n\n\n<p><strong>24.11.2017, Sala Koncertowa Akademii Muzycznej, Krak\u00f3w, Audio Art Festival<\/strong><br>Kwartludium &amp; Anna Karpowicz<br>Works by Zofia Dowgia\u0142\u0142o, Mika Pelo, Joakim Sandgren,<br>Salvatore Sciarrino, Gra\u017cyna Pstroko\u0144ska-Nawratil<\/p>\n\n\n\n<p><strong>KWARTLUDIUM, zesp\u00f3\u0142-rezydent Wydzia\u0142u I UMFC w Warszawie w sezonie 2017\/18<\/strong><br>10.11.2017,<br>16.00, wyk\u0142ad, warsztaty i konsultacje<br>19:00, recital zespo\u0142u Kwartludium, studio S1<br>program: Eunho Chang \u2013 Pattern, partytury graficzne Bogus\u0142awa Schaeffera,<br>Romana Haubenstocka-Ramatiego, Krzysztofa Knittla.<\/p>\n\n\n\n<p><strong>31.10.2017, Heimathafen Neuk\u00f6lln, Berlin<\/strong><br>Ph\u00f8nix16 &amp; Kwartludium \u201eErschrecken kannste selber\u201d<br>works by Dariusz Przybylski (UA), Eugeniusz Rudnik,<br>Karlheinz&nbsp;Stockhausen, Eunho Chang, Claude Vivier<\/p>\n\n\n\n<p><strong>CONTRASTS International Contemporary Music Festival 2017<br><\/strong><strong>14.10.2017, Tarnopol, Bunkermuz Club<\/strong><br>Polish graphic music by Boguslaw Schaeffer, Roman Hubenstock-Ramati, Krzysztof Knittel<br>and Jerzy Kornowicz<\/p>\n\n\n\n<p><strong>13.10.2017, Lviv Philharmonic<\/strong><br>Polish graphic music by Boguslaw Schaeffer, Roman Hubenstock-Ramati, Krzysztof Knittel<br>and Jerzy Kornowicz<\/p>\n\n\n\n<p><strong>12.10.2017, DOM Master Klass, Kiev<\/strong><br>Polish graphic music by Boguslaw Schaeffer, Roman Hubenstock-Ramati, Krzysztof Knittel and Jerzy Kornowicz<\/p>\n\n\n\n<p>07.12.2016, Musica Moderna<br>Filharmonia im. A. Rubinsteina, Sala Kameralna, \u0141\u00f3d\u017a<br>wi\u0119cej\u2026<\/p>\n\n\n\n<p>15.11.2016, 2. Festiwal Muzyki Wsp\u00f3\u0142czesnej \u201eNowe Fale\u201d<br>Ratusz Staromiejski, Sala Mieszcza\u0144ska, Gda\u0144sk<br>wi\u0119cej\u2026<\/p>\n\n\n\n<p>10.11.2016, Palffyho Palac, Bratys\u0142awa<\/p>\n\n\n\n<p>28.10.2016, 17. \u015al\u0105skie Dni Muzyki Wsp\u00f3\u0142czesnej<br>NOSPR, Katowice<br>wi\u0119cej\u2026<\/p>\n\n\n\n<p>14.07.2016<br>Mi\u0119dzynarodowy Festiwal Film\u00f3w Animowanych \u201eAnimator\u201d<br>CK Zamek, Pozna\u0144<br>wi\u0119cej\u2026<\/p>\n\n\n\n<p>22-25.06.2016, Daegu International Contemporary Music Festival<br>Daegu Concert Hause, Daegu, Korea Pd.<br>wi\u0119cej\u2026<\/p>\n\n\n\n<p>12.04.2016, Musica Polonica Nova<br>Narodowe Forum Muzyki, Wroc\u0142aw<br>wi\u0119cej\u2026<\/p>\n\n\n\n<p>13.01.2016, Summer School 2016<br>Canberra Grammar School, Canberra, Australia<\/p>\n\n\n\n<p>12.01.2016, Summer School 2016<br>Canberra Grammar School, Canberra, Australia<\/p>\n\n\n\n<p>2015-10-22, Konferencja naukowa-Polska muzyka kameralna XXI wieku<br>Uniwersytet Muzyczny Fryderyka Chopina, Sala Koncertowa, Warszawa<\/p>\n\n\n\n<p>2015-10-17, Triduum Muzyki Nowej aXes<br>Akademia Muzyczna w Krakowie<\/p>\n\n\n\n<p>2015-10-17, Triduum Muzyki Nowej aXes<br>Browar Lubicz, Maszynownia, Krak\u00f3w<\/p>\n\n\n\n<p>2015-10-08<br>Mi\u0119dzynarodowy Festiwal Muzyki Wsp\u00f3\u0142czesnej \u201eKontrasty\u201d<br>Filharmonia w Iwano-Frankowsku (Ukraina)<\/p>\n\n\n\n<p>2015-10-07<br>Mi\u0119dzynarodowy Festiwal Muzyki Wsp\u00f3\u0142czesnej \u201eKontrasty\u201d<br>Filharmonia Lwowska<\/p>\n\n\n\n<p>2015-06-18<br>70 lat Zwi\u0105zku Kompozytor\u00f3w Polskich<br>Zamek Kr\u00f3lewski, Warszawa<\/p>\n\n\n\n<p>2015-06-14<br>Filharmonia \u015awi\u0119tokrzyska, Kielce<\/p>\n\n\n\n<p>2015-05-15<br>Micha\u0142 Jacaszek, Kwartludium \u2013 Catalogue des arbres<br>Wirydarz Klasztoru oo. Dominikan\u00f3w, Lublin<br>Festiwal Tradycji i Awangardy Muzycznej Kody<\/p>\n\n\n\n<p>2015-04-18<br>Festiwal Prawykona\u0144<br>NOSPR, Sala Kameralna, Katowice<\/p>\n\n\n\n<p>2015-04-11<br>Muzeum \u017byd\u00f3w Polskich Polin, Warszawa<\/p>\n\n\n\n<p>2015-02-28<br>Micha\u0142 Jacaszek, Kwartludium \u2013 Catalogue des arbres<br>Paradiso, Amsterdam<br>Sonic Acts Festival<\/p>\n\n\n\n<p>2015-02-24<br>Program<br>Micha\u0142 Jacaszek, Kwartludium \u2013 Catalogue des arbres<br>Cafe OTO, Londyn<\/p>\n\n\n\n<p>2015-02-08<br>Filharmonia Narodowa, Warszawa<\/p>\n\n\n\n<p>2015-01-15<br>Micha\u0142 Jacaszek, Kwartludium \u2013 Catalogue des arbres<br>Klub \u017bak, Gda\u0144sk<br>Dni Muzyki Nowej<\/p>\n\n\n\n<p>12.12.2014<br>Winter Spitalfields Music Festival<br>London<\/p>\n\n\n\n<p>07.12.2014<br>Kwartludium w Krainie Czar\u00f3w<br>koncert interaktywny z elementami warsztatowymi<br>dla dzieci w wieku 4-12 lat<br>Pa\u0142ac w Ostromecku k. Bydgoszczy<\/p>\n\n\n\n<p>6.12.2014<br>Kwartludium w Krainie Czar\u00f3w<br>koncert interaktywny z elementami warsztatowymi<br>dla dzieci w wieku 4-12 lat<br>Filharmonia im. A. Rubinsteina, \u0141\u00f3d\u017a<\/p>\n\n\n\n<p>30.11.2014<br>TR Warszawa<br>4 for Becket<\/p>\n\n\n\n<p>9.11.2014<br>Kwartludium w Krainie Czar\u00f3w<br>koncert interaktywny z elementami warsztatowymi<br>dla dzieci w wieku 4-12 lat<br>Miejski O\u015brodek Kultury, Olsztyn<\/p>\n\n\n\n<p>22.10.2014<br>JEMP Festival<br>Istambul<\/p>\n\n\n\n<p>19.10.2014<br>Festiwal im. Henryka Miko\u0142aja G\u00f3reckiego<br>Studio Koncertowe S5, Radio Krak\u00f3w<\/p>\n\n\n\n<p>04.10.2014<br>Kwartludium w Krainie Czar\u00f3w<br>koncert interaktywny z elementami warsztatowymi<br>dla dzieci w wieku 4-12 lat<br>Spectrum Muzyki Nowej, Gda\u0144sk<\/p>\n\n\n\n<p>02.10.2014<br>Nuove Musische Festival<br>Teatro Massimo<br>Palermo<\/p>\n\n\n\n<p>26.09.2014<br>New Music; New Audiences Conference<br>57th Warsaw Autumn Festival<\/p>\n\n\n\n<p>18.05.2014<br>KWARTLUDIUM IN WONDERLAND<br>Let\u2019s play with the new music!<br>Concert dedicated to children from 4 to 12 years old.<br>Filharmonia \u015awi\u0119tokrzyska im. O. Kolberga w Kielcach<\/p>\n\n\n\n<p>05-08.05.2014<br>Centre For Advanced Studies In Music<br>Mustafa Kemal Hall, IT\u00dc Ma\u00e7ka Campus<br>MIAM, Istanbul<\/p>\n\n\n\n<p>10.04.2014<br>Musica Polonica Nova<br>Akademia Muzyczna im. K. Lipi\u0144skiego, Sala Koncertowa<br>Wroc\u0142aw<\/p>\n\n\n\n<p><\/p>\n","protected":false},"excerpt":{"rendered":"<p>20.09.2023 \u2013 Uroczysto\u015b\u0107 przyznania nagr\u00f3d Zwi\u0105zku Kompozytor\u00f3w PolskichWarszawa 28.06.2023 \u2013&nbsp;Daegu International Contemporary Music FestivalMagdalena Gorwa,&nbsp;Marsel Nichan,&nbsp;Panayiotis Kokoras, Tadeusz Wielecki, Kim Eun Sung,Kim Sung Ah, Ha Jong Tae 26.06.2023 \u2013 Ilshin Hall, SeulAnna Ignatowicz-Gli\u0144ska, Martyna Kosecka, Witold Lutos\u0142awski, Bogus\u0142aw Schaeffer, Tadeusz Wielecki 25.03.2023 \u2013 Kulturskolan, Nyn\u00e4shamnPromocja najnowszej p\u0142yty z muzyk\u0105 Marsela Nichana 24.03.2023 \u2013&nbsp;Szwedzkie Radio, Studio [&hellip;]<\/p>\n","protected":false},"author":1,"featured_media":0,"parent":0,"menu_order":0,"comment_status":"closed","ping_status":"closed","template":"","meta":{"footnotes":""},"class_list":["post-1323","page","type-page","status-publish","hentry"],"_links":{"self":[{"href":"https:\/\/kwartludium.com\/index.php?rest_route=\/wp\/v2\/pages\/1323","targetHints":{"allow":["GET"]}}],"collection":[{"href":"https:\/\/kwartludium.com\/index.php?rest_route=\/wp\/v2\/pages"}],"about":[{"href":"https:\/\/kwartludium.com\/index.php?rest_route=\/wp\/v2\/types\/page"}],"author":[{"embeddable":true,"href":"https:\/\/kwartludium.com\/index.php?rest_route=\/wp\/v2\/users\/1"}],"replies":[{"embeddable":true,"href":"https:\/\/kwartludium.com\/index.php?rest_route=%2Fwp%2Fv2%2Fcomments&post=1323"}],"version-history":[{"count":3,"href":"https:\/\/kwartludium.com\/index.php?rest_route=\/wp\/v2\/pages\/1323\/revisions"}],"predecessor-version":[{"id":1669,"href":"https:\/\/kwartludium.com\/index.php?rest_route=\/wp\/v2\/pages\/1323\/revisions\/1669"}],"wp:attachment":[{"href":"https:\/\/kwartludium.com\/index.php?rest_route=%2Fwp%2Fv2%2Fmedia&parent=1323"}],"curies":[{"name":"wp","href":"https:\/\/api.w.org\/{rel}","templated":true}]}}