{"id":1536,"date":"2024-10-07T07:45:59","date_gmt":"2024-10-07T05:45:59","guid":{"rendered":"https:\/\/kwartludium.com\/?page_id=1536"},"modified":"2024-10-07T07:46:00","modified_gmt":"2024-10-07T05:46:00","slug":"warsztaty","status":"publish","type":"page","link":"https:\/\/kwartludium.com\/?page_id=1536","title":{"rendered":"Warsztaty"},"content":{"rendered":"\n<p>Dzielimy si\u0119 nasz\u0105 wiedz\u0105 i do\u015bwiadczeniem z m\u0142odymi kompozytorami na ca\u0142ym \u015bwiecie. Prowadzili\u015bmy warsztaty w Polsce, Szwecji, Ukrainie, Gruzji, Turcji, Chinach, Korei Po\u0142udniowej i Australii. Zapraszamy na nasze wyk\u0142ady po\u015bwi\u0119cone rozszerzonym technikom wykonawczym, indywidualne konsultacje, czytanie partytur, wsp\u00f3lne pr\u00f3by, dyskusje i koncerty warsztatowe.<\/p>\n\n\n\n<p><strong><a href=\"https:\/\/www.youtube.com\/playlist?list=PLSfUVl7D-OQcD1bFsw8Et2vOBbYV2Flaj\">Zobacz koncert fina\u0142owy na The International Summer Course for Composers SYNTHETIS 2024<\/a><\/strong><\/p>\n\n\n\n<p><\/p>\n","protected":false},"excerpt":{"rendered":"<p>Dzielimy si\u0119 nasz\u0105 wiedz\u0105 i do\u015bwiadczeniem z m\u0142odymi kompozytorami na ca\u0142ym \u015bwiecie. Prowadzili\u015bmy warsztaty w Polsce, Szwecji, Ukrainie, Gruzji, Turcji, Chinach, Korei Po\u0142udniowej i Australii. Zapraszamy na nasze wyk\u0142ady po\u015bwi\u0119cone rozszerzonym technikom wykonawczym, indywidualne konsultacje, czytanie partytur, wsp\u00f3lne pr\u00f3by, dyskusje i koncerty warsztatowe. Zobacz koncert fina\u0142owy na The International Summer Course for Composers SYNTHETIS 2024<\/p>\n","protected":false},"author":1,"featured_media":0,"parent":0,"menu_order":0,"comment_status":"closed","ping_status":"closed","template":"","meta":{"footnotes":""},"class_list":["post-1536","page","type-page","status-publish","hentry"],"_links":{"self":[{"href":"https:\/\/kwartludium.com\/index.php?rest_route=\/wp\/v2\/pages\/1536","targetHints":{"allow":["GET"]}}],"collection":[{"href":"https:\/\/kwartludium.com\/index.php?rest_route=\/wp\/v2\/pages"}],"about":[{"href":"https:\/\/kwartludium.com\/index.php?rest_route=\/wp\/v2\/types\/page"}],"author":[{"embeddable":true,"href":"https:\/\/kwartludium.com\/index.php?rest_route=\/wp\/v2\/users\/1"}],"replies":[{"embeddable":true,"href":"https:\/\/kwartludium.com\/index.php?rest_route=%2Fwp%2Fv2%2Fcomments&post=1536"}],"version-history":[{"count":1,"href":"https:\/\/kwartludium.com\/index.php?rest_route=\/wp\/v2\/pages\/1536\/revisions"}],"predecessor-version":[{"id":1537,"href":"https:\/\/kwartludium.com\/index.php?rest_route=\/wp\/v2\/pages\/1536\/revisions\/1537"}],"wp:attachment":[{"href":"https:\/\/kwartludium.com\/index.php?rest_route=%2Fwp%2Fv2%2Fmedia&parent=1536"}],"curies":[{"name":"wp","href":"https:\/\/api.w.org\/{rel}","templated":true}]}}