{"id":1737,"date":"2025-09-25T15:02:25","date_gmt":"2025-09-25T13:02:25","guid":{"rendered":"https:\/\/kwartludium.com\/?page_id=1737"},"modified":"2025-09-25T15:49:18","modified_gmt":"2025-09-25T13:49:18","slug":"kultura-fizyczna","status":"publish","type":"page","link":"https:\/\/kwartludium.com\/?page_id=1737","title":{"rendered":"Kultura fizyczna"},"content":{"rendered":"\n<p>Nowy interdyscyplinarny projekt akcentuj\u0105cy cielesny i performatywny wymiar muzyki. <br>Zesp\u00f3\u0142 Kwartludium bada podobie\u0144stwa mi\u0119dzy sytuacjami, w jakich znajduje si\u0119 muzyk do analogicznych mechanizm\u00f3w zachodz\u0105cych w \u015bwiecie og\u00f3lnie rozumianej kultury fizycznej. W\u0105tki sportu, etosu sportowej rywalizacji, wysi\u0142ku, fizyczno\u015bci, treningu, przygotowania, sparingu,  wyciszenia i skupienia s\u0105 \u015brodkiem ci\u0119\u017cko\u015bci i osi\u0105 tematyczn\u0105 czterech kompozycji napisanych przez Dominika Strycharskiego, Ann\u0119 Sow\u0119, Magdalen\u0119 Gorw\u0119 i Adama Por\u0119bskiego. Wszystkie utwory powsta\u0142y w oparciu o sportowe do\u015bwiadczenia i s\u0105 pr\u00f3b\u0105 prze\u0142o\u017cenia ich na proces pisana kompozycji i techniki wykonawcze. Zosta\u0142y zainspirowane przez odpowiednio: rywalizacj\u0119 w sportach walki, lekcje wychowania fizycznego i treningu, jog\u0119 i wyciszenie oraz muzyczno-d\u017awi\u0119kowe aspekty bilarda. <\/p>\n\n\n\n<p>Projekt powsta\u0142 w kooperacji Fundacji Muzyki Nowej Kwartludium z Festiwalem Sacrum Profanum i Krakowskim Biurem Festiwalowym.<\/p>\n\n\n\n<p><br>Dominik&nbsp;Strycharski&nbsp;\u2013&nbsp;Box of Boxing*&nbsp;(2020) 18\u2019&nbsp;<\/p>\n\n\n\n<p>Anna&nbsp;Sowa&nbsp;\u2013&nbsp;Practice Makes Perfect* (2025) 12\u2019&nbsp;<\/p>\n\n\n\n<p>Magdalena&nbsp;Gorwa&nbsp;\u2013&nbsp;Flow**&nbsp;(2025) 12\u2019&nbsp;<\/p>\n\n\n\n<p>Adam&nbsp;Por\u0119bski&nbsp;\u2013&nbsp;Pool dance&nbsp;na&nbsp;skrzypce,&nbsp;klarnet,&nbsp;fortepian,&nbsp;perkusj\u0119,&nbsp;performera, quasi&nbsp;st\u00f3\u0142&nbsp;bilardowy&nbsp;i&nbsp;elektronik\u0119* (2025) 12\u2019&nbsp;<\/p>\n\n\n\n<p>*Zam\u00f3wienie Fundacji Muzyki Nowej Kwartludium<br>**Zam\u00f3wienie festiwalu Sacrum Profanum<\/p>\n\n\n\n<p><\/p>\n","protected":false},"excerpt":{"rendered":"<p>Nowy interdyscyplinarny projekt akcentuj\u0105cy cielesny i performatywny wymiar muzyki. Zesp\u00f3\u0142 Kwartludium bada podobie\u0144stwa mi\u0119dzy sytuacjami, w jakich znajduje si\u0119 muzyk do analogicznych mechanizm\u00f3w zachodz\u0105cych w \u015bwiecie og\u00f3lnie rozumianej kultury fizycznej. W\u0105tki sportu, etosu sportowej rywalizacji, wysi\u0142ku, fizyczno\u015bci, treningu, przygotowania, sparingu, wyciszenia i skupienia s\u0105 \u015brodkiem ci\u0119\u017cko\u015bci i osi\u0105 tematyczn\u0105 czterech kompozycji napisanych przez Dominika Strycharskiego, [&hellip;]<\/p>\n","protected":false},"author":1,"featured_media":0,"parent":0,"menu_order":0,"comment_status":"closed","ping_status":"closed","template":"","meta":{"footnotes":""},"class_list":["post-1737","page","type-page","status-publish","hentry"],"_links":{"self":[{"href":"https:\/\/kwartludium.com\/index.php?rest_route=\/wp\/v2\/pages\/1737","targetHints":{"allow":["GET"]}}],"collection":[{"href":"https:\/\/kwartludium.com\/index.php?rest_route=\/wp\/v2\/pages"}],"about":[{"href":"https:\/\/kwartludium.com\/index.php?rest_route=\/wp\/v2\/types\/page"}],"author":[{"embeddable":true,"href":"https:\/\/kwartludium.com\/index.php?rest_route=\/wp\/v2\/users\/1"}],"replies":[{"embeddable":true,"href":"https:\/\/kwartludium.com\/index.php?rest_route=%2Fwp%2Fv2%2Fcomments&post=1737"}],"version-history":[{"count":3,"href":"https:\/\/kwartludium.com\/index.php?rest_route=\/wp\/v2\/pages\/1737\/revisions"}],"predecessor-version":[{"id":1744,"href":"https:\/\/kwartludium.com\/index.php?rest_route=\/wp\/v2\/pages\/1737\/revisions\/1744"}],"wp:attachment":[{"href":"https:\/\/kwartludium.com\/index.php?rest_route=%2Fwp%2Fv2%2Fmedia&parent=1737"}],"curies":[{"name":"wp","href":"https:\/\/api.w.org\/{rel}","templated":true}]}}