{"id":1751,"date":"2025-09-25T17:33:46","date_gmt":"2025-09-25T15:33:46","guid":{"rendered":"https:\/\/kwartludium.com\/?page_id=1751"},"modified":"2025-09-25T17:47:19","modified_gmt":"2025-09-25T15:47:19","slug":"ekko","status":"publish","type":"page","link":"https:\/\/kwartludium.com\/?page_id=1751","title":{"rendered":"EKK\u00d3"},"content":{"rendered":"\n<p>EKK\u00d3 to najnowszy projekt koncertowy, sk\u0142adaj\u0105cy si\u0119 z pi\u0119ciu utwor\u00f3w farerskich kompozytor\u00f3w napisanych dla zespo\u0142u Kwartludium. Ka\u017cdy, trwaj\u0105cy oko\u0142o 10 minut utw\u00f3r, podejmuje refleksj\u0119 nad ekologi\u0105 i relacj\u0105 cz\u0142owieka z natur\u0105, tworz\u0105c godzinny program, kt\u00f3ry oferuje \u017cywy obraz farerskiej sceny muzyki nowej. Projekt mia\u0142 premier\u0119 w lipcu 2025 roku na Wyspach Owczych i jest teraz gotowy do prezentacji na arenie mi\u0119dzynarodowej. Zaprojektowany jako elastyczna, kameralna produkcja, mo\u017ce by\u0107 dostosowany do r\u00f3\u017cnych miejsc, przy czym g\u0142\u00f3wnym wymogiem technicznym jest standardowe wsparcie dla elektroniki (mikrofony, nag\u0142o\u015bnienie, technik), poniewa\u017c trzy z pi\u0119ciu utwor\u00f3w wykorzystuj\u0105 elementy elektroniczne. Dzi\u0119ki wyrazistej i sp\u00f3jnej narracji, program jest idealny dla szerokiej publiczno\u015bci, od bywalc\u00f3w festiwali muzyki wsp\u00f3\u0142czesnej po dociekliwych s\u0142uchaczy, kt\u00f3rzy dopiero zaczynaj\u0105 swoj\u0105 przygod\u0119 z now\u0105 muzyk\u0105.<\/p>\n\n\n\n<p><a href=\"https:\/\/composers.fo\/composers\/contemporary-classical-music-composers\/andras-ellendersen\/\">Andras Ellendersen<\/a> &#8211; Blaktra<\/p>\n\n\n\n<p><a href=\"https:\/\/composers.fo\/composers\/contemporary-classical-music-composers\/kristian-blak\/\">Kristian Blak<\/a> &#8211; Samr\u00f8\u00f0a<\/p>\n\n\n\n<p><a href=\"https:\/\/composers.fo\/composers\/contemporary-classical-music-composers\/trondur-bogason-hansen\/\">Tr\u00f3ndur Bogason<\/a> &#8211; hive mind<\/p>\n\n\n\n<p><a href=\"https:\/\/composers.fo\/composers\/contemporary-classical-music-composers\/unn-patursson\/\">Unn Paturson<\/a> &#8211; Ein dagin, t\u00e1 eg gekk \u00ed 8.<\/p>\n\n\n\n<p><a href=\"https:\/\/composers.fo\/composers\/contemporary-classical-music-composers\/sunleif-rasmussen\/\">Sunleif Rasmussen<\/a> &#8211; Ekk\u00f3ludium<br><\/p>\n\n\n\n<p><\/p>\n","protected":false},"excerpt":{"rendered":"<p>EKK\u00d3 to najnowszy projekt koncertowy, sk\u0142adaj\u0105cy si\u0119 z pi\u0119ciu utwor\u00f3w farerskich kompozytor\u00f3w napisanych dla zespo\u0142u Kwartludium. Ka\u017cdy, trwaj\u0105cy oko\u0142o 10 minut utw\u00f3r, podejmuje refleksj\u0119 nad ekologi\u0105 i relacj\u0105 cz\u0142owieka z natur\u0105, tworz\u0105c godzinny program, kt\u00f3ry oferuje \u017cywy obraz farerskiej sceny muzyki nowej. Projekt mia\u0142 premier\u0119 w lipcu 2025 roku na Wyspach Owczych i jest teraz [&hellip;]<\/p>\n","protected":false},"author":1,"featured_media":0,"parent":0,"menu_order":0,"comment_status":"closed","ping_status":"closed","template":"","meta":{"footnotes":""},"class_list":["post-1751","page","type-page","status-publish","hentry"],"_links":{"self":[{"href":"https:\/\/kwartludium.com\/index.php?rest_route=\/wp\/v2\/pages\/1751","targetHints":{"allow":["GET"]}}],"collection":[{"href":"https:\/\/kwartludium.com\/index.php?rest_route=\/wp\/v2\/pages"}],"about":[{"href":"https:\/\/kwartludium.com\/index.php?rest_route=\/wp\/v2\/types\/page"}],"author":[{"embeddable":true,"href":"https:\/\/kwartludium.com\/index.php?rest_route=\/wp\/v2\/users\/1"}],"replies":[{"embeddable":true,"href":"https:\/\/kwartludium.com\/index.php?rest_route=%2Fwp%2Fv2%2Fcomments&post=1751"}],"version-history":[{"count":2,"href":"https:\/\/kwartludium.com\/index.php?rest_route=\/wp\/v2\/pages\/1751\/revisions"}],"predecessor-version":[{"id":1754,"href":"https:\/\/kwartludium.com\/index.php?rest_route=\/wp\/v2\/pages\/1751\/revisions\/1754"}],"wp:attachment":[{"href":"https:\/\/kwartludium.com\/index.php?rest_route=%2Fwp%2Fv2%2Fmedia&parent=1751"}],"curies":[{"name":"wp","href":"https:\/\/api.w.org\/{rel}","templated":true}]}}