{"id":1760,"date":"2025-09-26T12:01:46","date_gmt":"2025-09-26T10:01:46","guid":{"rendered":"https:\/\/kwartludium.com\/?page_id=1760"},"modified":"2025-09-26T12:01:47","modified_gmt":"2025-09-26T10:01:47","slug":"pasja","status":"publish","type":"page","link":"https:\/\/kwartludium.com\/?page_id=1760","title":{"rendered":"Pasja"},"content":{"rendered":"\n<p>\u201eW p\u00f3\u0142mroku ko\u015bcio\u0142a us\u0142ysza\u0142em \u015bpiew kobiet. Surowy i mistyczny. By\u0142y to <em>Gorzkie \u017cale<\/em>, ale \u015bpiewane na jakie\u015b zupe\u0142nie odmienne melodie &#8211; fascynuj\u0105ce swoj\u0105 oryginalno\u015bci\u0105 i ekspresj\u0105. P\u00f3\u017aniej okaza\u0142o si\u0119, \u017ce przyw\u0119drowa\u0142y one na Dolny \u015al\u0105sk z Wo\u0142ynia, podczas powojennej zawieruchy, wraz z lud\u017ami, kt\u00f3rzy si\u0119 tutaj osiedlili.\u201d &#8211; tak Mateusz Ryczek wspomina sw\u00f3j pierwszy kontakt z wo\u0142y\u0144skimi melodiami wspomnianego nabo\u017ce\u0144stwa, z kt\u00f3rymi zetkn\u0105\u0142 si\u0119 w podwroc\u0142awskim Jaksonowie. Sta\u0142y si\u0119 one zaczynem <em>Pasji<\/em>, skomponowanej z my\u015bl\u0105 o zespole Kwartludium.<br>W przypadku <em>Pasji<\/em> Mateusza Ryczka mamy do czynienia z utworem czysto instrumentalnym, a zatem pozbawionym tekstu. Jego relikty zachowa\u0142y si\u0119 w tytu\u0142ach 4 cz\u0119\u015bci, zaczerpni\u0119tych z nabo\u017ce\u0144stwa:<br><em>Pobudka, Hymn, Lament, Rozmowa Duszy<\/em>. W odr\u00f3\u017cnieniu od tradycyjnej pasji, nie jest to chronologiczna relacja z wydarze\u0144 z ostatnich chwil Chrystusa na ziemi i jego m\u0119cze\u0144skiej \u015bmierci. Jest to raczej wskazanie na pewne aspekty obecne w warstwie literackiej <em>Gorzkich \u017cali<\/em>, takich jak tytu\u0142owy \u017cal, ale w r\u00f3wnym stopniu tak\u017ce i wsp\u00f3\u0142czucie, mi\u0142o\u015b\u0107, po\u015bwi\u0119cenie czy umieranie.<br><em>Pasja<\/em> jest form\u0105 rozbudowanej, ekumenicznej medytacji nad sprawami egzystencjonalnymi i ostatecznymi. Jest zaproszeniem do zatopienia si\u0119 w spokojnych taflach d\u017awi\u0119k\u00f3w niezale\u017cnie od wyznawanego \u015bwiatopogl\u0105du. M\u0119ka Chrystusa jest tutaj no\u015bnikiem wa\u017cnych dla kompozytora (i w jego przekonaniu tak\u017ce dla ka\u017cdego cz\u0142owieka) spraw zwi\u0105zanych z po\u015bwi\u0119ceniem, oddaniem, umieraniem i wspomnianym wcze\u015bniej przekraczaniem progu&#8230;<br>tekst: Aleksandra Paj\u0105k, Mateusz Ryczek<\/p>\n\n\n\n<p><a href=\"https:\/\/opus-series.com\/pl\/sklep\/kwartludium?fbclid=IwY2xjawJwfPhleHRuA2FlbQIxMQABHt-XCgv7SPOairj6yDPMaUN1t2x8tM0Yy0ZqgSBKYk1mikcmLM2-5PcKfFes_aem_C4ZeVcz88kEuJIxiXJjIsQ\"><strong>Mateusz Ryczek &#8211;<\/strong> <strong>Pasja<\/strong><\/a> (2022) 45 min.<br>1. Pobudka<br>2. Hymn<br>3. Lament<br>4. Rozmowa Duszy<\/p>\n\n\n\n<p><\/p>\n","protected":false},"excerpt":{"rendered":"<p>\u201eW p\u00f3\u0142mroku ko\u015bcio\u0142a us\u0142ysza\u0142em \u015bpiew kobiet. Surowy i mistyczny. By\u0142y to Gorzkie \u017cale, ale \u015bpiewane na jakie\u015b zupe\u0142nie odmienne melodie &#8211; fascynuj\u0105ce swoj\u0105 oryginalno\u015bci\u0105 i ekspresj\u0105. P\u00f3\u017aniej okaza\u0142o si\u0119, \u017ce przyw\u0119drowa\u0142y one na Dolny \u015al\u0105sk z Wo\u0142ynia, podczas powojennej zawieruchy, wraz z lud\u017ami, kt\u00f3rzy si\u0119 tutaj osiedlili.\u201d &#8211; tak Mateusz Ryczek wspomina sw\u00f3j pierwszy kontakt [&hellip;]<\/p>\n","protected":false},"author":1,"featured_media":0,"parent":0,"menu_order":0,"comment_status":"closed","ping_status":"closed","template":"","meta":{"footnotes":""},"class_list":["post-1760","page","type-page","status-publish","hentry"],"_links":{"self":[{"href":"https:\/\/kwartludium.com\/index.php?rest_route=\/wp\/v2\/pages\/1760","targetHints":{"allow":["GET"]}}],"collection":[{"href":"https:\/\/kwartludium.com\/index.php?rest_route=\/wp\/v2\/pages"}],"about":[{"href":"https:\/\/kwartludium.com\/index.php?rest_route=\/wp\/v2\/types\/page"}],"author":[{"embeddable":true,"href":"https:\/\/kwartludium.com\/index.php?rest_route=\/wp\/v2\/users\/1"}],"replies":[{"embeddable":true,"href":"https:\/\/kwartludium.com\/index.php?rest_route=%2Fwp%2Fv2%2Fcomments&post=1760"}],"version-history":[{"count":1,"href":"https:\/\/kwartludium.com\/index.php?rest_route=\/wp\/v2\/pages\/1760\/revisions"}],"predecessor-version":[{"id":1761,"href":"https:\/\/kwartludium.com\/index.php?rest_route=\/wp\/v2\/pages\/1760\/revisions\/1761"}],"wp:attachment":[{"href":"https:\/\/kwartludium.com\/index.php?rest_route=%2Fwp%2Fv2%2Fmedia&parent=1760"}],"curies":[{"name":"wp","href":"https:\/\/api.w.org\/{rel}","templated":true}]}}