{"id":1775,"date":"2025-09-27T16:48:46","date_gmt":"2025-09-27T14:48:46","guid":{"rendered":"https:\/\/kwartludium.com\/?page_id=1775"},"modified":"2025-09-27T16:48:46","modified_gmt":"2025-09-27T14:48:46","slug":"audiosfera","status":"publish","type":"page","link":"https:\/\/kwartludium.com\/?page_id=1775","title":{"rendered":"Audiosfera"},"content":{"rendered":"\n<p>Zm\u0119czony\/a wirtualnym \u015bwiatem? Wszechogarniaj\u0105c\u0105 i poch\u0142aniaj\u0105c\u0105 technologi\u0105? <br>Wr\u00f3\u0107 do pocz\u0105tku, do natury.<br>Spok\u00f3j, oddech, uwa\u017cno\u015b\u0107, medytacja<br>Refleksja&#8230;<br>Wszystko to znajdziesz w programie inspirowanym \u015bwiatem przyrody i czterema \u017cywio\u0142ami natury.<\/p>\n\n\n\n<p><a href=\"https:\/\/www.mariesamuelsson.se\/\">Marie Samuelsson<\/a> &#8211; <em>Movementsof Seashells and Plastic<\/em> na skrzypce, klarnet, fortepian, instrumenty perkusyjne (2025)<br><a href=\"https:\/\/jennyhettne.com\/\">Jenny Hettne<\/a> &#8211; <em>Habitat<\/em> na klarnet, skrzypce, fortepian, instrumenty perkusyjne i elektronik\u0119 (2025)<br><a href=\"https:\/\/www.mic.lt\/en\/database\/classical\/composers\/medeksaite\/\">Egidija Medeksaite<\/a> &#8211; <em>Prakanda<\/em> na skrzypce, klarnet, fortepian, instrumenty perkusyjne i elektronik\u0119 (2025)<br><a href=\"https:\/\/zanetarydzewska.com\/\">\u017baneta Rydzewska<\/a> &#8211; <em>Entomofonia<\/em> na skrzypce, klarnet, fortepian, instrumenty perkusyjne i elektronik\u0119 (2024)<\/p>\n\n\n\n<p><\/p>\n","protected":false},"excerpt":{"rendered":"<p>Zm\u0119czony\/a wirtualnym \u015bwiatem? Wszechogarniaj\u0105c\u0105 i poch\u0142aniaj\u0105c\u0105 technologi\u0105? Wr\u00f3\u0107 do pocz\u0105tku, do natury.Spok\u00f3j, oddech, uwa\u017cno\u015b\u0107, medytacjaRefleksja&#8230;Wszystko to znajdziesz w programie inspirowanym \u015bwiatem przyrody i czterema \u017cywio\u0142ami natury. Marie Samuelsson &#8211; Movementsof Seashells and Plastic na skrzypce, klarnet, fortepian, instrumenty perkusyjne (2025)Jenny Hettne &#8211; Habitat na klarnet, skrzypce, fortepian, instrumenty perkusyjne i elektronik\u0119 (2025)Egidija Medeksaite &#8211; Prakanda [&hellip;]<\/p>\n","protected":false},"author":1,"featured_media":0,"parent":0,"menu_order":0,"comment_status":"closed","ping_status":"closed","template":"","meta":{"footnotes":""},"class_list":["post-1775","page","type-page","status-publish","hentry"],"_links":{"self":[{"href":"https:\/\/kwartludium.com\/index.php?rest_route=\/wp\/v2\/pages\/1775","targetHints":{"allow":["GET"]}}],"collection":[{"href":"https:\/\/kwartludium.com\/index.php?rest_route=\/wp\/v2\/pages"}],"about":[{"href":"https:\/\/kwartludium.com\/index.php?rest_route=\/wp\/v2\/types\/page"}],"author":[{"embeddable":true,"href":"https:\/\/kwartludium.com\/index.php?rest_route=\/wp\/v2\/users\/1"}],"replies":[{"embeddable":true,"href":"https:\/\/kwartludium.com\/index.php?rest_route=%2Fwp%2Fv2%2Fcomments&post=1775"}],"version-history":[{"count":1,"href":"https:\/\/kwartludium.com\/index.php?rest_route=\/wp\/v2\/pages\/1775\/revisions"}],"predecessor-version":[{"id":1776,"href":"https:\/\/kwartludium.com\/index.php?rest_route=\/wp\/v2\/pages\/1775\/revisions\/1776"}],"wp:attachment":[{"href":"https:\/\/kwartludium.com\/index.php?rest_route=%2Fwp%2Fv2%2Fmedia&parent=1775"}],"curies":[{"name":"wp","href":"https:\/\/api.w.org\/{rel}","templated":true}]}}