{"id":318,"date":"2017-10-04T17:09:54","date_gmt":"2017-10-04T15:09:54","guid":{"rendered":"http:\/\/kwartludium.com\/?page_id=318"},"modified":"2024-10-13T16:43:04","modified_gmt":"2024-10-13T14:43:04","slug":"improwizacja","status":"publish","type":"page","link":"https:\/\/kwartludium.com\/?page_id=318","title":{"rendered":"Improwizacja"},"content":{"rendered":"<p>Muzyka graficzna \/ granie do obraz\u00f3w.<\/p>\n<p>Zesp\u00f3\u0142 Kwartludium od pocz\u0105tku swojego istnienia nie skupia si\u0119 jedynie na odczytywaniu partytur zapisanych metod\u0105 tradycyjn\u0105, ale konsekwentnie rozwija r\u00f3wnie\u017c sztuk\u0119 wsp\u00f3\u0142czesnej improwizacji. Ten niezwykle wa\u017cny nurt muzyki wsp\u00f3\u0142czesnej jest obecny w tw\u00f3rczo\u015bci wielu wybitnych kompozytor\u00f3w naszych czas\u00f3w w\u015br\u00f3d kt\u00f3rych nale\u017cy wymieni\u0107 takich tw\u00f3rc\u00f3w jak Karlheinz Stockhausen, Cornelius Cardew, Dubravko Detoni, Carl Bergstroem-Nilsen czy Bogus\u0142aw Schaeffer. Utwory tych kompozytor\u00f3w charakteryzuj\u0105 si\u0119 przede wszystkim abstrakcyjn\u0105 grafik\u0105 lub te\u017c aforystycznymi instrukcjami dotycz\u0105cymi sposobu kszta\u0142towania formy, rodzaju brzmienia, faktury, sposobu narracji. Kompozycje te poprzez swoje oderwanie od tradycyjnego sposobu notacji muzycznej, otwieraj\u0105 przed wykonawcami nieograniczone mo\u017cliwo\u015bci wypowiedzi artystycznej. Jest to wi\u0119c muzyka zaplanowana, a jednocze\u015bnie pozostawiaj\u0105ca wykonawcom wolno\u015b\u0107 i mo\u017cliwo\u015b\u0107 korzystania z w\u0142asnej wyobra\u017ani.<br \/>\nNaturaln\u0105 konsekwencj\u0105 poszukiwa\u0144 zespo\u0142u Kwartludium na polu interpretacji muzyki graficznej jest pr\u00f3ba zmierzenia si\u0119 z pracami m\u0142odych polskich artyst\u00f3w plastyk\u00f3w w kontek\u015bcie ich brzmieniowo\u015bci. Zesp\u00f3\u0142 poszed\u0142 o krok dalej i postawi\u0142 sobie za zadanie zinterpretowanie dzie\u0142, kt\u00f3re w swoim pierwotnym za\u0142o\u017ceniu mia\u0142y pe\u0142ni\u0107 rol\u0119 jedynie prac wizualnych. Muzycy Kwartludium poprzez muzyk\u0119 staraj\u0105 si\u0119 odda\u0107 form\u0119, abstrakcj\u0119, kolor, czy faktur\u0119. Jest to wi\u0119c znakomita okazja do wielopoziomowego odbioru sztuki.<\/p>\n<p>Program koncertu:<br \/>\nMuzyka graficzna: Karlheinz Stockhausen \u2013 Aus den Sieben Tagen (fragm.)<br \/>\nCornelius Cardew \u2013 Tretease (fragm.)<br \/>\nDubravko Detoni \u2013 Blatt 1, Blatt 2<br \/>\nCarl Bergstroem-Nilsen \u2013 Frameworks<br \/>\nBogus\u0142aw Schaeffer &#8211; Non stop<br \/>\nRoman Haubenstock-Ramati \u2013 Decisions<\/p>\n<p>Granie do obraz\u00f3w:<br \/>\nKarol Radziszewski, Two\u017cywo, Rafa\u0142 Bujnowski, Adam X, Pola Dwurnik, Anna Okrasko, Adam Witkowski.<\/p>\n","protected":false},"excerpt":{"rendered":"<p>Muzyka graficzna \/ granie do obraz\u00f3w. Zesp\u00f3\u0142 Kwartludium od pocz\u0105tku swojego istnienia nie skupia si\u0119 jedynie na odczytywaniu partytur zapisanych metod\u0105 tradycyjn\u0105, ale konsekwentnie rozwija r\u00f3wnie\u017c sztuk\u0119 wsp\u00f3\u0142czesnej improwizacji. Ten niezwykle wa\u017cny nurt muzyki wsp\u00f3\u0142czesnej jest obecny w tw\u00f3rczo\u015bci wielu wybitnych kompozytor\u00f3w naszych czas\u00f3w w\u015br\u00f3d kt\u00f3rych nale\u017cy wymieni\u0107 takich tw\u00f3rc\u00f3w jak Karlheinz Stockhausen, Cornelius Cardew, [&hellip;]<\/p>\n","protected":false},"author":1,"featured_media":0,"parent":0,"menu_order":0,"comment_status":"closed","ping_status":"closed","template":"","meta":{"footnotes":""},"class_list":["post-318","page","type-page","status-publish","hentry"],"_links":{"self":[{"href":"https:\/\/kwartludium.com\/index.php?rest_route=\/wp\/v2\/pages\/318","targetHints":{"allow":["GET"]}}],"collection":[{"href":"https:\/\/kwartludium.com\/index.php?rest_route=\/wp\/v2\/pages"}],"about":[{"href":"https:\/\/kwartludium.com\/index.php?rest_route=\/wp\/v2\/types\/page"}],"author":[{"embeddable":true,"href":"https:\/\/kwartludium.com\/index.php?rest_route=\/wp\/v2\/users\/1"}],"replies":[{"embeddable":true,"href":"https:\/\/kwartludium.com\/index.php?rest_route=%2Fwp%2Fv2%2Fcomments&post=318"}],"version-history":[{"count":3,"href":"https:\/\/kwartludium.com\/index.php?rest_route=\/wp\/v2\/pages\/318\/revisions"}],"predecessor-version":[{"id":1569,"href":"https:\/\/kwartludium.com\/index.php?rest_route=\/wp\/v2\/pages\/318\/revisions\/1569"}],"wp:attachment":[{"href":"https:\/\/kwartludium.com\/index.php?rest_route=%2Fwp%2Fv2%2Fmedia&parent=318"}],"curies":[{"name":"wp","href":"https:\/\/api.w.org\/{rel}","templated":true}]}}