{"id":49,"date":"2017-10-04T10:32:31","date_gmt":"2017-10-04T08:32:31","guid":{"rendered":"http:\/\/kwartludium.com\/?page_id=49"},"modified":"2026-03-24T22:29:19","modified_gmt":"2026-03-24T21:29:19","slug":"strona-glowna","status":"publish","type":"page","link":"https:\/\/kwartludium.com\/","title":{"rendered":"Strona g\u0142\u00f3wna"},"content":{"rendered":"<h1 style=\"text-align: center;\"><strong>Najbli\u017csze koncerty i aktualno\u015bci<\/strong><\/h1>\n<p style=\"text-align: center;\"><strong>Wi\u0119cej szczeg\u00f3\u0142\u00f3w wkr\u00f3tce!<\/strong><\/p>\n<p style=\"text-align: center;\"><strong>25.05.2026 &#8211; 40. Warszawskie Spotkania Muzyczne<br \/>\n<\/strong>Tadeusz Wielecki, Aleksandra Gryka, S\u0142awomir Wojciechowski, Martyna Kosecka,<br \/>\nJenny Hettne, Idin Samimi Mofakham<\/p>\n<p style=\"text-align: center;\"><strong>04.05.2026 &#8211; Europejskie Centrum Muzyki Krzysztofa Pendereckiego<br \/>\n<\/strong>Koncert prawykona\u0144 wie\u0144cz\u0105cy kursy dla m\u0142odych kompozytor\u00f3w<\/p>\n<p style=\"text-align: center;\"><strong>29.04 &#8211; 03.05. 2026 &#8211; Europejskie Centrum Muzyki Krzysztofa Pendereckiego<br \/>\n<\/strong>Kursy dla m\u0142odych kompozytor\u00f3w<\/p>\n<p style=\"text-align: center;\"><strong>27-29.03.2026 &#8211; sesja nagraniowa<\/strong><br \/>\n<strong>Polskie Radio, Studio S4, Warszawa<\/strong><br \/>\nBranka Popovi\u0107\/Portret CD\/Kwartludium<\/p>\n<p style=\"text-align: center;\"><strong>Projekt edukacyjny &#8222;Efekt Chopina &#8211; Improsceny&#8221;<br \/>\n<\/strong>18.12.2025 &#8211; Gminny O\u015brodek Kultury w Le\u017cajsku<br \/>\n17.12.2025 &#8211; Jasielski Dom Kultury<br \/>\n17.12.2025 &#8211; Gminny O\u015brodek Kultury we Frysztaku<br \/>\n16.12.2025 &#8211; Gminny O\u015brodek Kultury w Lutowiskach<strong><br \/>\n<\/strong>14.12.2025 &#8211; Gminny O\u015brodek Kultury w I\u0142owie<strong><br \/>\n<\/strong>14.12.2025 &#8211; Gminny O\u015brodek Kultury i Sportu w \u0141ani\u0119tach<br \/>\n08.12.2025 &#8211; PSP im. A. Mickiewicza w Czy\u017c\u00f3wce<br \/>\n07.12.2025 &#8211; Miejskie Centrum Kultury i Sztuki w Chrzanowie<br \/>\n29.11.2025 &#8211; Milanowskie Centrum Kultury<br \/>\n28.11.2025 &#8211; Stowarzyszenie na rzecz rozwoju ZSM w Siedlcach<br \/>\n28.11.2025 &#8211; Gminny O\u015brodek w Sterdyni<br \/>\n27.11.2025 &#8211; Dom Kultury w Korytnicy<br \/>\n22.11.2025 &#8211; Miejski O\u015brodek Kultury w Pruszkowie<br \/>\n21.11.2025 &#8211; Milanowskie Centrum Kultury<br \/>\n20.11.2025 &#8211; Centrum Kultury w Magnuszewie<br \/>\n<em>Projekt finansowany przez <a href=\"https:\/\/nifc.pl\/pl\">Narodowy Instytut Fryderyka Chopina<\/a><\/em><\/p>\n<p style=\"text-align: center;\"><strong>08.11.2025 &#8211; <a href=\"https:\/\/sacrumprofanum.com\/program\/kultura-fizyczna\">Sacrum Profanum<\/a>, Krak\u00f3w<\/strong><br \/>\nAnna Sowa, Magdalena Gorwa, Adam Por\u0119bski, Dominik Strycharski<br \/>\n<em>Dofinansowano ze \u015brodk\u00f3w Ministra Kultury i Dziedzictwa Narodowego pochodz\u0105cych z Funduszu Promocji Kultury \u2013 pa\u0144stwowego funduszu celowego, w ramach programu<\/em><br \/>\n<em>\u201eZam\u00f3wienia kompozytorskie\u201d, realizowanego przez Narodowy Instytut Muzyki i Ta\u0144ca\u201d<\/em><\/p>\n<p style=\"text-align: center;\"><strong>06.11.2025 &#8211; <\/strong><span class=\"fontstyle0\"><strong><a href=\"https:\/\/www.hudebni-soucasnost.cz\/6-11-2025-in-touch\/\">Festival Hudebn\u00ed sou\u010dasnost<\/a>, Ostrawa<\/strong><br \/>\n<\/span>Kate\u0159ina Slab\u011b\u0148\u00e1kov\u00e1, Emma Parisi, Martyna Kosecka, Pavel Nesit,<br \/>\nTadeusz Wielecki, Mateusz Ryczek<strong><br \/>\n<\/strong><em>Projekt wsp\u00f3\u0142finansowany ze \u015brodk\u00f3w Ministra Kultury i Dziedzictwa Narodowego Rzeczypospolitej Polskiej pochodz\u0105cych z Funduszu Promocji Kultury<\/em><\/p>\n<p style=\"text-align: center;\"><strong>31.10.2025 &#8211; <a href=\"https:\/\/www.arenafest.lv\/programma\/pr-2025\/dabas-balsis\/\">Jaun\u0101s m\u016bzikas festiv\u0101ls AR\u0112NA<\/a>, Ryga<\/strong><br \/>\n\u017baneta Rydzewska, Jenny Hettne, Marie Samuelsson, J\u0113kabs N\u012bmanis<br \/>\n<em>Projekt wsp\u00f3\u0142finansowany ze \u015brodk\u00f3w Ministra Kultury i Dziedzictwa Narodowego Rzeczypospolitej Polskiej pochodz\u0105cych z Funduszu Promocji Kultury<\/em><\/p>\n<p style=\"text-align: center;\"><strong>26.10.2025 &#8211; <a href=\"https:\/\/www.vilniusfestivals.lt\/en\/festival-event\/one-of-the-leading-polish-contemporary-music-ensembles-kwartludium\/\">Gaida Festival<\/a>, Wilno<\/strong><br \/>\nCatalogue des Arbres<strong><br \/>\n<\/strong>Egidija Medeksaite \/ Jacaszek \/ Kwartludium<strong><br \/>\n<\/strong><\/p>\n<p style=\"text-align: center;\"><strong>12.10.2025 &#8211; <a href=\"https:\/\/hertzbreakerz.wordpress.com\/2025\/09\/10\/sound-spaces-2025-kwartludium-ensemble\/\">Sound Spaces<\/a>, Malm\u00f6<\/strong><br \/>\nMarie Samuelsson, Alessandro Perini, Francesco Del Nero, Idin Samimi Mofakham<\/p>\n<p style=\"text-align: center;\"><strong>14.09.2025 &#8211; Filharmonia \u015awi\u0119tokrzyska im. Oskara Kolberga, Kielce<\/strong><br \/>\nCztery \u017cywio\u0142y &#8211; koncert\/warsztat interdyscyplinarny dla dzieci i rodzic\u00f3w<\/p>\n<p style=\"text-align: center;\"><strong>07.09.2025 &#8211; Festiwal 11. Dni Muzyki Ukrai\u0144skiej w Warszawie<\/strong><br \/>\nStudio Koncertowe Polskiego Radia im W. Lutos\u0142awskiego<br \/>\nAnna Arkuszyna, Marta Halad\u017cun, Karmella Cepkolenko, Kateryna Grywul,<br \/>\nZoltan Almaszi, Bohdan Sehin<\/p>\n<p style=\"text-align: center;\"><strong>Kwartludium na Wyspach Owczych<\/strong><br \/>\n<a href=\"https:\/\/www.summartonar.fo\/en\/event-details\/kwartludium-pl-presents-ekko\"><strong>Summart\u00f3nar Festival<\/strong><\/a><br \/>\n<strong>10.07.2025 &#8211; Klaksv\u00edk<\/strong><br \/>\n<strong>11.07.2025 &#8211; \u00d8rav\u00edk<\/strong><br \/>\n<strong>13.07.2025 &#8211; T\u00f3rshavn<\/strong><br \/>\nAndras Ellendersen, Unn Paturson, Sunleif Rasmussen, Kristian Blak, Trondur Bogason<br \/>\n<em>Zrealizowano ze \u015brodk\u00f3w Miasta Gda\u0144ska w ramach Gda\u0144skiego Stypendium Kulturalnego Fundusz Mobilno\u015bci<br \/>\noraz Instytutu Adama Mickiewicza w ramach programu Kultura polska na \u015bwiecie<\/em><\/p>\n<p style=\"text-align: center;\"><strong>17.05.2025 &#8211; Beijing Modern Music Festival<br \/>\n<\/strong>Marie Samuelsson, Jenny Hettne, Mateusz Ryczek, Peter Machajdik,<br \/>\nJi Yu, Yu Yang, Niccolo Athens<br \/>\n<em>Dofinansowano ze \u015brodk\u00f3w Instytutu Adama Mickiewicza w ramach programu Kultura polska na \u015bwiecie<br \/>\n<\/em><\/p>\n<p style=\"text-align: center;\"><strong>02.05.2025 \u2013 Festiwal De Natura Sonoris, Lus\u0142awice<br \/>\nKoncert prawykona\u0144<\/strong><\/p>\n<p style=\"text-align: center;\"><strong>27.04 &#8211; 02.05. 2025 &#8211; Europejskie Centrum Muzyki Krzysztofa Pendereckiego<br \/>\n<\/strong>Kursy dla m\u0142odych kompozytor\u00f3w<\/p>\n<p style=\"text-align: center;\"><strong>17.04.2025 &#8211; Premiera nowego albumu<br \/>\nProgram 2 Polskiego Radia, Nocna Strefa, godz. 23.00<\/strong><br \/>\nMateusz Ryczek \/ Pasja \/Kwartludium,\u00a0 Requiem Records<br \/>\n<em>Wsp\u00f3\u0142finansowano ze \u015brodk\u00f3w<br \/>\nMiasta Wroc\u0142aw, Stowarzyszenie Autor\u00f3w ZAiKS,\u00a0 ZAW STOART<br \/>\nPartner: Dw\u00f3jka &#8211; Polskie Radio<\/em><\/p>\n<p style=\"text-align: center;\"><strong>22.03.2025 \u2013 <a href=\"https:\/\/svenskmusikvar.se\/\">Svensk Musikv\u00e5r, Sztokholm<\/a><\/strong><br \/>\nMarie Samuelsson, Jenny Hettne, \u017baneta Rydzewska, Adam Eriksson, Bogus\u0142aw Schaeffer<br \/>\n<em>Projekt wsp\u00f3\u0142finansowany ze \u015brodk\u00f3w Ministra Kultury i Dziedzictwa Narodowego Rzeczypospolitej Polskiej pochodz\u0105cych z Funduszu Promocji Kultury<\/em><\/p>\n<p style=\"text-align: center;\"><strong><a href=\"https:\/\/provinzlaerm-festival.de\/provinzlaerm%202025.html\">10. Internationales Festival f\u00fcr Neue Musik, Eckernf\u00f6rde<\/a><br \/>\n<\/strong><strong>21.02.2025 &#8211; St. Nicolaikirche<br \/>\n<\/strong>Frej Wedlund, Andras Ellendersen, Marsel Nichan<br \/>\n<strong>22.02.2025 &#8211; St. Nicolaikirche<\/strong><br \/>\nMartyna Kosecka, \u017baneta Rydzewska, Samimi Mofakham<\/p>\n<p style=\"text-align: center;\"><strong>14.02.2025 &#8211; Synagoga, Nowy Sad<br \/>\n<\/strong>Branka Popovi\u0107, Jakub Kr\u00f3likowski, Peter Machajdik, Zoltan Almashi,<br \/>\nMarsel Nichan, Peter Helmut Lang<\/p>\n<p style=\"text-align: center;\"><strong>13.02.2025 &#8211; Filharmonia, Belgrad<br \/>\n<\/strong>Branka Popovi\u0107, Jakub Kr\u00f3likowski, Peter Machajdik, Zoltan Almashi,<br \/>\nMarsel Nichan, Peter Helmut Lang<\/p>\n<p style=\"text-align: center;\"><strong>17.01.2025 &#8211; <a href=\"https:\/\/muzeum1939.pl\/koncert-pt-katalog-drzew-w-miiws-17-stycznia\/aktualnosci\/7327.html\">Muzeum II Wojny \u015awiatowej, Gda\u0144sk<\/a><br \/>\n<\/strong>Catalogue des Arbres<br \/>\nJacaszek &amp; Kwartludium<\/p>\n<p style=\"text-align: center;\"><strong>03-05.01.2025 &#8211; sesja nagraniowa<\/strong><br \/>\n<strong>Studio Koncertowe Polskiego Radia im. Witolda Lutos\u0142awskiego, Warszawa<\/strong><br \/>\nMateusz Ryczek &#8211; Pasja<\/p>\n<p style=\"text-align: center;\"><strong>08.12.2024 &#8211; \u015awi\u0105teczny Festiwal Art Mintaka, Bydgoszcz<br \/>\n<\/strong>Zygmunt Krauze, Peter Machajdik<\/p>\n<p style=\"text-align: center;\"><strong>07.12.2024 &#8211; \u015awi\u0105teczny Festiwal Art Mintaka, Bydgoszcz<br \/>\n<\/strong>Joanna Wnuk-Nazarowa, Andras Ellendersen<\/p>\n<p style=\"text-align: center;\"><strong>06.12.2024 &#8211; \u015awi\u0105teczny Festiwal Art Mintaka, Bydgoszcz<br \/>\n<\/strong>*\u017baneta Rydzewska, Rafa\u0142 Gorzycki<br \/>\n<em>Dofinansowano ze \u015brodk\u00f3w Ministra Kultury i Dziedzictwa Narodowego pochodz\u0105cych z Funduszu Promocji Kultury \u2013 pa\u0144stwowego funduszu celowego, w ramach programu<\/em><br \/>\n<em>\u201eZam\u00f3wienia kompozytorskie\u201d, realizowanego przez Narodowy Instytut Muzyki i Ta\u0144ca\u201d<\/em><\/p>\n<p style=\"text-align: center;\"><strong>05.12.2024 &#8211; Nowa Muzyka w Starym Ratuszu, Gda\u0144sk<br \/>\n<\/strong>Ann Ros\u00e9n, *\u017baneta Rydzewska, Adam Eriksson<br \/>\n<em>Dofinansowano ze \u015brodk\u00f3w Ministra Kultury i Dziedzictwa Narodowego pochodz\u0105cych z Funduszu Promocji Kultury \u2013 pa\u0144stwowego funduszu celowego, w ramach programu<\/em><br \/>\n<em>\u201eZam\u00f3wienia kompozytorskie\u201d, realizowanego przez Narodowy Instytut Muzyki i Ta\u0144ca\u201d<\/em><\/p>\n<p style=\"text-align: center;\"><strong>22.11.2024 &#8211; <a href=\"https:\/\/www.eufonie.pl\/event\/kwarludium-jacaszek-kolchida\/\">Eufonie<\/a>, Warszawa<br \/>\n<a href=\"https:\/\/requiem-records.com\/index.php?lang=pl&amp;p=sklep&amp;f=&amp;c=&amp;t=&amp;st=&amp;o=&amp;pid=344&amp;page=0\">Kolchida<\/a><\/strong> &#8211; Kwartludium &amp; Jacaszek<\/p>\n<p style=\"text-align: center;\"><strong>12.11.2024 &#8211; Festiwal Nowe Fale, Gda\u0144sk<br \/>\n<\/strong>Monika Cybulska, Peter Machajdik, P\u00e9ter K\u0151szeghy, Andras Ellendersen<strong><br \/>\n<\/strong><\/p>\n<p style=\"text-align: center;\"><strong>04.08.2024 &#8211; Warszawa<br \/>\n<a href=\"https:\/\/izbapamieci.muzeumwarszawy.pl\/wydarzenia\/miedzy-dzwiekiem-a-cisza-koncert-kwartludium-upamietniajacy-80-rocznice-rzezi-woli\/\">\u201eMi\u0119dzy d\u017awi\u0119kiem a cisz\u0105\u201d \u2013 koncert Kwartludium upami\u0119tniaj\u0105cy 80. rocznic\u0119 Rzezi Woli<\/a><br \/>\n<\/strong>Peter Machajdik, P\u00e9ter K\u0151szeghy<\/p>\n<p style=\"text-align: center;\"><strong>21.07.2024 &#8211; Radziejowice<\/strong><br \/>\nPeter Machajdik, P\u00e9ter K\u0151szeghy, Bogus\u0142aw Schaeffer<\/p>\n<p style=\"text-align: center;\"><strong>15-26.07.2024 &#8211; Radziejowice<\/strong><br \/>\n<strong>Mi\u0119dzynarodowe Letnie kursy dla Kompozytor\u00f3w SYNTHETIS 2024<\/strong><\/p>\n<p style=\"text-align: center;\"><strong>05.05.2024 &#8211; <a href=\"https:\/\/penderecki-center.pl\/news#74196\">Festiwal De Natura Sonoris<\/a>, Lus\u0142awice<br \/>\nKoncert prawykona\u0144<\/strong><\/p>\n<p style=\"text-align: center;\"><strong>01-05.05.2024 &#8211; Wiosenna Akademia Muzyki w Lus\u0142awicach<br \/>\n<\/strong>Europejskie Centrum Muzyki Krzysztofa Pendereckiego<br \/>\nWarsztaty dla m\u0142odych kompozytor\u00f3w<\/p>\n<p style=\"text-align: center;\"><strong>08.03.2024 &#8211; <a href=\"https:\/\/atalante.org\/musik-music\/kwartlud24\/\">Atalante<\/a>, <b>G\u00f6teborg<\/b><\/strong><br \/>\nMareike Dobewall, Frej Wedlund, Aleksandra Gryka, Martyna Kosecka, Bogus\u0142aw Schaeffer<\/p>\n","protected":false},"excerpt":{"rendered":"<p>Najbli\u017csze koncerty i aktualno\u015bci Wi\u0119cej szczeg\u00f3\u0142\u00f3w wkr\u00f3tce! 25.05.2026 &#8211; 40. Warszawskie Spotkania Muzyczne Tadeusz Wielecki, Aleksandra Gryka, S\u0142awomir Wojciechowski, Martyna Kosecka, Jenny Hettne, Idin Samimi Mofakham 04.05.2026 &#8211; Europejskie Centrum Muzyki Krzysztofa Pendereckiego Koncert prawykona\u0144 wie\u0144cz\u0105cy kursy dla m\u0142odych kompozytor\u00f3w 29.04 &#8211; 03.05. 2026 &#8211; Europejskie Centrum Muzyki Krzysztofa Pendereckiego Kursy dla m\u0142odych kompozytor\u00f3w 27-29.03.2026 [&hellip;]<\/p>\n","protected":false},"author":1,"featured_media":0,"parent":0,"menu_order":0,"comment_status":"closed","ping_status":"closed","template":"","meta":{"footnotes":""},"class_list":["post-49","page","type-page","status-publish","hentry"],"_links":{"self":[{"href":"https:\/\/kwartludium.com\/index.php?rest_route=\/wp\/v2\/pages\/49","targetHints":{"allow":["GET"]}}],"collection":[{"href":"https:\/\/kwartludium.com\/index.php?rest_route=\/wp\/v2\/pages"}],"about":[{"href":"https:\/\/kwartludium.com\/index.php?rest_route=\/wp\/v2\/types\/page"}],"author":[{"embeddable":true,"href":"https:\/\/kwartludium.com\/index.php?rest_route=\/wp\/v2\/users\/1"}],"replies":[{"embeddable":true,"href":"https:\/\/kwartludium.com\/index.php?rest_route=%2Fwp%2Fv2%2Fcomments&post=49"}],"version-history":[{"count":169,"href":"https:\/\/kwartludium.com\/index.php?rest_route=\/wp\/v2\/pages\/49\/revisions"}],"predecessor-version":[{"id":1803,"href":"https:\/\/kwartludium.com\/index.php?rest_route=\/wp\/v2\/pages\/49\/revisions\/1803"}],"wp:attachment":[{"href":"https:\/\/kwartludium.com\/index.php?rest_route=%2Fwp%2Fv2%2Fmedia&parent=49"}],"curies":[{"name":"wp","href":"https:\/\/api.w.org\/{rel}","templated":true}]}}