{"id":85,"date":"2017-10-04T10:47:37","date_gmt":"2017-10-04T08:47:37","guid":{"rendered":"http:\/\/kwartludium.com\/?page_id=85"},"modified":"2018-11-18T22:13:14","modified_gmt":"2018-11-18T21:13:14","slug":"audio","status":"publish","type":"page","link":"https:\/\/kwartludium.com\/?page_id=85","title":{"rendered":"Audio"},"content":{"rendered":"<p>Wi\u0119cej na\u00a0<strong><a href=\"https:\/\/open.spotify.com\/artist\/3ZtNTNYelMtEHWZu7xZe6e?si=y989a8SPS6mD7RuDWfUTQg\">Spotify\/Kwartludium<\/a><\/strong><\/p>\n<div class=\"wp-playlist wp-audio-playlist wp-playlist-light\">\n\t\t\t<div class=\"wp-playlist-current-item\"><\/div>\n\t\t<audio controls=\"controls\" preload=\"none\" width=\"618\"\n\t\t\t><\/audio>\n\t<div class=\"wp-playlist-next\"><\/div>\n\t<div class=\"wp-playlist-prev\"><\/div>\n\t<noscript>\n\t<ol>\n\t\t<li><a href='https:\/\/kwartludium.com\/wp-content\/uploads\/2017\/10\/General-theory-of-relativity-WOJCIECH-B\u0141A\u017bEJCZYK-1.mp3'>Og\u00f3lna teoria wzgl\u0119dno\u015bci<\/a><\/li><li><a href='https:\/\/kwartludium.com\/wp-content\/uploads\/2017\/10\/Amplified-What-is-There-Krzysztof-Wolek-1.mp3'>Amplified, What is There?<\/a><\/li><li><a href='https:\/\/kwartludium.com\/wp-content\/uploads\/2017\/10\/Multiple-image-TADEUSZ-WIELECKI-1.mp3'>Obraz wielokrotny<\/a><\/li><li><a href='https:\/\/kwartludium.com\/wp-content\/uploads\/2017\/10\/Jaros\u0142aw-P\u0142onka-Detroit-landscape-1.mp3'>Detroit landscape<\/a><\/li><li><a href='https:\/\/kwartludium.com\/wp-content\/uploads\/2017\/10\/Zych.mp3'>Stale obecna t\u0119sknota frag.<\/a><\/li><li><a href='https:\/\/kwartludium.com\/wp-content\/uploads\/2017\/10\/Gryka.mp3'>Ambeoidal MTOCS<\/a><\/li><li><a href='https:\/\/kwartludium.com\/wp-content\/uploads\/2017\/10\/m7.mp3'>Ore Osse Oculo (live)<\/a><\/li><li><a href='https:\/\/kwartludium.com\/wp-content\/uploads\/2017\/10\/Paiuk.mp3'>Distancia (efectos de superficie)<\/a><\/li><li><a href='https:\/\/kwartludium.com\/wp-content\/uploads\/2017\/10\/Hendrich.mp3'>Cyclostratus<\/a><\/li><li><a href='https:\/\/kwartludium.com\/wp-content\/uploads\/2017\/10\/Dubuq.mp3'>Dubuq (Strange I've seen that face before)<\/a><\/li>\t<\/ol>\n\t<\/noscript>\n\t<script type=\"application\/json\" class=\"wp-playlist-script\">{\"type\":\"audio\",\"tracklist\":true,\"tracknumbers\":true,\"images\":true,\"artists\":true,\"tracks\":[{\"src\":\"https:\/\/kwartludium.com\/wp-content\/uploads\/2017\/10\/General-theory-of-relativity-WOJCIECH-B\\u0141A\\u017bEJCZYK-1.mp3\",\"type\":\"audio\/mpeg\",\"title\":\"Og\\u00f3lna teoria wzgl\\u0119dno\\u015bci\",\"caption\":\"\",\"description\":\"Og\\u00f3lna teoria wzgl\\u0119dno\\u015bci - WOJCIECH B\\u0141A\\u017bEJCZYK\",\"meta\":{\"artist\":\"WOJCIECH B\\u0141A\\u017bEJCZYK\",\"length_formatted\":\"12:44\"},\"image\":{\"src\":\"https:\/\/kwartludium.com\/wp-includes\/images\/media\/audio.svg\",\"width\":48,\"height\":64},\"thumb\":{\"src\":\"https:\/\/kwartludium.com\/wp-includes\/images\/media\/audio.svg\",\"width\":48,\"height\":64}},{\"src\":\"https:\/\/kwartludium.com\/wp-content\/uploads\/2017\/10\/Amplified-What-is-There-Krzysztof-Wolek-1.mp3\",\"type\":\"audio\/mpeg\",\"title\":\"Amplified, What is There?\",\"caption\":\"\",\"description\":\"Amplified, What is There? KRZYSZTOF WO\\u0141EK\",\"meta\":{\"artist\":\"KRZYSZTOF WO\\u0141EK\",\"length_formatted\":\"14:27\"},\"image\":{\"src\":\"https:\/\/kwartludium.com\/wp-includes\/images\/media\/audio.svg\",\"width\":48,\"height\":64},\"thumb\":{\"src\":\"https:\/\/kwartludium.com\/wp-includes\/images\/media\/audio.svg\",\"width\":48,\"height\":64}},{\"src\":\"https:\/\/kwartludium.com\/wp-content\/uploads\/2017\/10\/Multiple-image-TADEUSZ-WIELECKI-1.mp3\",\"type\":\"audio\/mpeg\",\"title\":\"Obraz wielokrotny\",\"caption\":\"\",\"description\":\"Obraz wielokrotny - TADEUSZ WIELECKI\",\"meta\":{\"artist\":\"TADEUSZ WIELECKI\",\"length_formatted\":\"14:53\"},\"image\":{\"src\":\"https:\/\/kwartludium.com\/wp-includes\/images\/media\/audio.svg\",\"width\":48,\"height\":64},\"thumb\":{\"src\":\"https:\/\/kwartludium.com\/wp-includes\/images\/media\/audio.svg\",\"width\":48,\"height\":64}},{\"src\":\"https:\/\/kwartludium.com\/wp-content\/uploads\/2017\/10\/Jaros\\u0142aw-P\\u0142onka-Detroit-landscape-1.mp3\",\"type\":\"audio\/mpeg\",\"title\":\"Detroit landscape\",\"caption\":\"\",\"description\":\"Detroit landscape - JAROS\\u0141AW P\\u0141ONKA\",\"meta\":{\"artist\":\"JAROS\\u0141AW P\\u0141ONKA\",\"length_formatted\":\"13:09\"},\"image\":{\"src\":\"https:\/\/kwartludium.com\/wp-includes\/images\/media\/audio.svg\",\"width\":48,\"height\":64},\"thumb\":{\"src\":\"https:\/\/kwartludium.com\/wp-includes\/images\/media\/audio.svg\",\"width\":48,\"height\":64}},{\"src\":\"https:\/\/kwartludium.com\/wp-content\/uploads\/2017\/10\/Zych.mp3\",\"type\":\"audio\/mpeg\",\"title\":\"Stale obecna t\\u0119sknota frag.\",\"caption\":\"\",\"description\":\"\",\"meta\":{\"artist\":\"Wojciech Ziemowit Zych\",\"length_formatted\":\"5:40\"},\"image\":{\"src\":\"https:\/\/kwartludium.com\/wp-includes\/images\/media\/audio.svg\",\"width\":48,\"height\":64},\"thumb\":{\"src\":\"https:\/\/kwartludium.com\/wp-includes\/images\/media\/audio.svg\",\"width\":48,\"height\":64}},{\"src\":\"https:\/\/kwartludium.com\/wp-content\/uploads\/2017\/10\/Gryka.mp3\",\"type\":\"audio\/mpeg\",\"title\":\"Ambeoidal MTOCS\",\"caption\":\"\",\"description\":\"\",\"meta\":{\"artist\":\"Aleksandra Gryka\",\"length_formatted\":\"6:17\"},\"image\":{\"src\":\"https:\/\/kwartludium.com\/wp-includes\/images\/media\/audio.svg\",\"width\":48,\"height\":64},\"thumb\":{\"src\":\"https:\/\/kwartludium.com\/wp-includes\/images\/media\/audio.svg\",\"width\":48,\"height\":64}},{\"src\":\"https:\/\/kwartludium.com\/wp-content\/uploads\/2017\/10\/m7.mp3\",\"type\":\"audio\/mpeg\",\"title\":\"Ore Osse Oculo (live)\",\"caption\":\"\",\"description\":\"\",\"meta\":{\"artist\":\"Aleksander Ko\\u015bci\\u00f3w\",\"genre\":\"Blues\",\"length_formatted\":\"10:04\"},\"image\":{\"src\":\"https:\/\/kwartludium.com\/wp-includes\/images\/media\/audio.svg\",\"width\":48,\"height\":64},\"thumb\":{\"src\":\"https:\/\/kwartludium.com\/wp-includes\/images\/media\/audio.svg\",\"width\":48,\"height\":64}},{\"src\":\"https:\/\/kwartludium.com\/wp-content\/uploads\/2017\/10\/Paiuk.mp3\",\"type\":\"audio\/mpeg\",\"title\":\"Distancia (efectos de superficie)\",\"caption\":\"\",\"description\":\"\\\"04\\\" autor: Track. Gatunek: Blues.\",\"meta\":{\"artist\":\"Gabriel Paiuk\",\"genre\":\"Blues\",\"length_formatted\":\"7:38\"},\"image\":{\"src\":\"https:\/\/kwartludium.com\/wp-includes\/images\/media\/audio.svg\",\"width\":48,\"height\":64},\"thumb\":{\"src\":\"https:\/\/kwartludium.com\/wp-includes\/images\/media\/audio.svg\",\"width\":48,\"height\":64}},{\"src\":\"https:\/\/kwartludium.com\/wp-content\/uploads\/2017\/10\/Hendrich.mp3\",\"type\":\"audio\/mpeg\",\"title\":\"Cyclostratus\",\"caption\":\"\",\"description\":\"\",\"meta\":{\"artist\":\"Pawe\\u0142 Hendrich\",\"genre\":\"Blues\",\"length_formatted\":\"9:45\"},\"image\":{\"src\":\"https:\/\/kwartludium.com\/wp-includes\/images\/media\/audio.svg\",\"width\":48,\"height\":64},\"thumb\":{\"src\":\"https:\/\/kwartludium.com\/wp-includes\/images\/media\/audio.svg\",\"width\":48,\"height\":64}},{\"src\":\"https:\/\/kwartludium.com\/wp-content\/uploads\/2017\/10\/Dubuq.mp3\",\"type\":\"audio\/mpeg\",\"title\":\"Dubuq (Strange I've seen that face before)\",\"caption\":\"\",\"description\":\"\",\"meta\":{\"artist\":\"Arne Sanders\",\"genre\":\"Blues\",\"length_formatted\":\"10:24\"},\"image\":{\"src\":\"https:\/\/kwartludium.com\/wp-includes\/images\/media\/audio.svg\",\"width\":48,\"height\":64},\"thumb\":{\"src\":\"https:\/\/kwartludium.com\/wp-includes\/images\/media\/audio.svg\",\"width\":48,\"height\":64}}]}<\/script>\n<\/div>\n\t\n<p>&nbsp;<\/p>\n<p>Utwory graficzne:<\/p>\n<div class=\"wp-playlist wp-audio-playlist wp-playlist-light\">\n\t\t\t<div class=\"wp-playlist-current-item\"><\/div>\n\t\t<audio controls=\"controls\" preload=\"none\" width=\"618\"\n\t\t\t><\/audio>\n\t<div class=\"wp-playlist-next\"><\/div>\n\t<div class=\"wp-playlist-prev\"><\/div>\n\t<noscript>\n\t<ol>\n\t\t<li><a href='https:\/\/kwartludium.com\/wp-content\/uploads\/2017\/10\/mg1.mp3'>Biomass<\/a><\/li><li><a href='https:\/\/kwartludium.com\/wp-content\/uploads\/2017\/10\/mg2.mp3'>Bird of Passage<\/a><\/li><li><a href='https:\/\/kwartludium.com\/wp-content\/uploads\/2017\/10\/mg3.mp3'>Blatt 1<\/a><\/li><li><a href='https:\/\/kwartludium.com\/wp-content\/uploads\/2017\/10\/mg4.mp3'>Blatt 2<\/a><\/li><li><a href='https:\/\/kwartludium.com\/wp-content\/uploads\/2017\/10\/mg5.mp3'>Frameworks<\/a><\/li><li><a href='https:\/\/kwartludium.com\/wp-content\/uploads\/2017\/10\/mg6.mp3'>Particles of the space<\/a><\/li><li><a href='https:\/\/kwartludium.com\/wp-content\/uploads\/2017\/10\/mg7.mp3'>Edges<\/a><\/li><li><a href='https:\/\/kwartludium.com\/wp-content\/uploads\/2017\/10\/mg8.mp3'>Treatise 1<\/a><\/li><li><a href='https:\/\/kwartludium.com\/wp-content\/uploads\/2017\/10\/mg9.mp3'>Treatise 2<\/a><\/li>\t<\/ol>\n\t<\/noscript>\n\t<script type=\"application\/json\" class=\"wp-playlist-script\">{\"type\":\"audio\",\"tracklist\":true,\"tracknumbers\":true,\"images\":true,\"artists\":true,\"tracks\":[{\"src\":\"https:\/\/kwartludium.com\/wp-content\/uploads\/2017\/10\/mg1.mp3\",\"type\":\"audio\/mpeg\",\"title\":\"Biomass\",\"caption\":\"\",\"description\":\"\",\"meta\":{\"artist\":\"P. Stark\",\"length_formatted\":\"10:36\"},\"image\":{\"src\":\"https:\/\/kwartludium.com\/wp-includes\/images\/media\/audio.svg\",\"width\":48,\"height\":64},\"thumb\":{\"src\":\"https:\/\/kwartludium.com\/wp-includes\/images\/media\/audio.svg\",\"width\":48,\"height\":64}},{\"src\":\"https:\/\/kwartludium.com\/wp-content\/uploads\/2017\/10\/mg2.mp3\",\"type\":\"audio\/mpeg\",\"title\":\"Bird of Passage\",\"caption\":\"\",\"description\":\"\",\"meta\":{\"artist\":\"K. Stockhausen\",\"length_formatted\":\"4:57\"},\"image\":{\"src\":\"https:\/\/kwartludium.com\/wp-includes\/images\/media\/audio.svg\",\"width\":48,\"height\":64},\"thumb\":{\"src\":\"https:\/\/kwartludium.com\/wp-includes\/images\/media\/audio.svg\",\"width\":48,\"height\":64}},{\"src\":\"https:\/\/kwartludium.com\/wp-content\/uploads\/2017\/10\/mg3.mp3\",\"type\":\"audio\/mpeg\",\"title\":\"Blatt 1\",\"caption\":\"\",\"description\":\"\",\"meta\":{\"artist\":\"D. Detoni\",\"length_formatted\":\"4:13\"},\"image\":{\"src\":\"https:\/\/kwartludium.com\/wp-includes\/images\/media\/audio.svg\",\"width\":48,\"height\":64},\"thumb\":{\"src\":\"https:\/\/kwartludium.com\/wp-includes\/images\/media\/audio.svg\",\"width\":48,\"height\":64}},{\"src\":\"https:\/\/kwartludium.com\/wp-content\/uploads\/2017\/10\/mg4.mp3\",\"type\":\"audio\/mpeg\",\"title\":\"Blatt 2\",\"caption\":\"\",\"description\":\"\",\"meta\":{\"artist\":\"D. Detoni\",\"length_formatted\":\"4:03\"},\"image\":{\"src\":\"https:\/\/kwartludium.com\/wp-includes\/images\/media\/audio.svg\",\"width\":48,\"height\":64},\"thumb\":{\"src\":\"https:\/\/kwartludium.com\/wp-includes\/images\/media\/audio.svg\",\"width\":48,\"height\":64}},{\"src\":\"https:\/\/kwartludium.com\/wp-content\/uploads\/2017\/10\/mg5.mp3\",\"type\":\"audio\/mpeg\",\"title\":\"Frameworks\",\"caption\":\"\",\"description\":\"\",\"meta\":{\"artist\":\"C. Bergstroem-Nielsen\",\"length_formatted\":\"13:28\"},\"image\":{\"src\":\"https:\/\/kwartludium.com\/wp-includes\/images\/media\/audio.svg\",\"width\":48,\"height\":64},\"thumb\":{\"src\":\"https:\/\/kwartludium.com\/wp-includes\/images\/media\/audio.svg\",\"width\":48,\"height\":64}},{\"src\":\"https:\/\/kwartludium.com\/wp-content\/uploads\/2017\/10\/mg6.mp3\",\"type\":\"audio\/mpeg\",\"title\":\"Particles of the space\",\"caption\":\"\",\"description\":\"\",\"meta\":{\"artist\":\"H. E. Rasmussen\",\"length_formatted\":\"4:59\"},\"image\":{\"src\":\"https:\/\/kwartludium.com\/wp-includes\/images\/media\/audio.svg\",\"width\":48,\"height\":64},\"thumb\":{\"src\":\"https:\/\/kwartludium.com\/wp-includes\/images\/media\/audio.svg\",\"width\":48,\"height\":64}},{\"src\":\"https:\/\/kwartludium.com\/wp-content\/uploads\/2017\/10\/mg7.mp3\",\"type\":\"audio\/mpeg\",\"title\":\"Edges\",\"caption\":\"\",\"description\":\"\",\"meta\":{\"artist\":\"Ch. Wolff\",\"length_formatted\":\"4:21\"},\"image\":{\"src\":\"https:\/\/kwartludium.com\/wp-includes\/images\/media\/audio.svg\",\"width\":48,\"height\":64},\"thumb\":{\"src\":\"https:\/\/kwartludium.com\/wp-includes\/images\/media\/audio.svg\",\"width\":48,\"height\":64}},{\"src\":\"https:\/\/kwartludium.com\/wp-content\/uploads\/2017\/10\/mg8.mp3\",\"type\":\"audio\/mpeg\",\"title\":\"Treatise 1\",\"caption\":\"\",\"description\":\"\",\"meta\":{\"artist\":\"C. Cardew\",\"length_formatted\":\"2:25\"},\"image\":{\"src\":\"https:\/\/kwartludium.com\/wp-includes\/images\/media\/audio.svg\",\"width\":48,\"height\":64},\"thumb\":{\"src\":\"https:\/\/kwartludium.com\/wp-includes\/images\/media\/audio.svg\",\"width\":48,\"height\":64}},{\"src\":\"https:\/\/kwartludium.com\/wp-content\/uploads\/2017\/10\/mg9.mp3\",\"type\":\"audio\/mpeg\",\"title\":\"Treatise 2\",\"caption\":\"\",\"description\":\"\",\"meta\":{\"artist\":\"C. Cardew\",\"length_formatted\":\"6:10\"},\"image\":{\"src\":\"https:\/\/kwartludium.com\/wp-includes\/images\/media\/audio.svg\",\"width\":48,\"height\":64},\"thumb\":{\"src\":\"https:\/\/kwartludium.com\/wp-includes\/images\/media\/audio.svg\",\"width\":48,\"height\":64}}]}<\/script>\n<\/div>\n\t\n","protected":false},"excerpt":{"rendered":"<p>Wi\u0119cej na\u00a0Spotify\/Kwartludium &nbsp; Utwory graficzne:<\/p>\n","protected":false},"author":1,"featured_media":0,"parent":0,"menu_order":0,"comment_status":"closed","ping_status":"closed","template":"","meta":{"footnotes":""},"class_list":["post-85","page","type-page","status-publish","hentry"],"_links":{"self":[{"href":"https:\/\/kwartludium.com\/index.php?rest_route=\/wp\/v2\/pages\/85","targetHints":{"allow":["GET"]}}],"collection":[{"href":"https:\/\/kwartludium.com\/index.php?rest_route=\/wp\/v2\/pages"}],"about":[{"href":"https:\/\/kwartludium.com\/index.php?rest_route=\/wp\/v2\/types\/page"}],"author":[{"embeddable":true,"href":"https:\/\/kwartludium.com\/index.php?rest_route=\/wp\/v2\/users\/1"}],"replies":[{"embeddable":true,"href":"https:\/\/kwartludium.com\/index.php?rest_route=%2Fwp%2Fv2%2Fcomments&post=85"}],"version-history":[{"count":10,"href":"https:\/\/kwartludium.com\/index.php?rest_route=\/wp\/v2\/pages\/85\/revisions"}],"predecessor-version":[{"id":501,"href":"https:\/\/kwartludium.com\/index.php?rest_route=\/wp\/v2\/pages\/85\/revisions\/501"}],"wp:attachment":[{"href":"https:\/\/kwartludium.com\/index.php?rest_route=%2Fwp%2Fv2%2Fmedia&parent=85"}],"curies":[{"name":"wp","href":"https:\/\/api.w.org\/{rel}","templated":true}]}}